{"id":35326,"date":"2025-07-09T19:26:12","date_gmt":"2025-07-09T11:26:12","guid":{"rendered":"http:\/\/45.63.70.205\/?post_type=product&#038;p=35326"},"modified":"2025-07-09T19:27:50","modified_gmt":"2025-07-09T11:27:50","slug":"set-of-8-colorful-day-themed-pencils-with-erasers-for-school-office","status":"publish","type":"product","link":"http:\/\/shinyyoustationery.com\/de\/set-of-8-colorful-day-themed-pencils-with-erasers-for-school-office\/","title":{"rendered":"Set aus 8 bunten Bleistiften mit Radiergummi f\u00fcr Schule und B\u00fcro"},"content":{"rendered":"","protected":false},"excerpt":{"rendered":"<p>Dieses farbenfrohe Set mit 8 Bleistiften hat ein lustiges Design mit Farben und Beschriftungen f\u00fcr jeden Tag der Woche (Montag bis Sonntag) sowie einen \"Me-Day\"-Bleistift. Das Set enth\u00e4lt rote, pinke, gelbe, gr\u00fcne, blaue und wei\u00dfe Bleistifte, jeder mit einem Radiergummi am oberen Ende f\u00fcr einfache Korrekturen. Die Bleistifte sind mit hochwertiger HB-Mine gefertigt und bieten ein glattes Schreibgef\u00fchl, wodurch sie sich sowohl f\u00fcr die Schule als auch f\u00fcr das B\u00fcro eignen.<\/p>","protected":false},"featured_media":35327,"template":"","meta":[],"product_brand":[],"product_cat":[416,410,415,331],"product_tag":[],"class_list":{"0":"post-35326","1":"product","2":"type-product","3":"status-publish","4":"has-post-thumbnail","6":"product_cat-pencil","7":"product_cat-writing-instruments","8":"product_cat-pen","9":"product_cat-stationery-set","11":"first","12":"instock","13":"shipping-taxable","14":"product-type-simple"},"_links":{"self":[{"href":"http:\/\/shinyyoustationery.com\/de\/wp-json\/wp\/v2\/product\/35326","targetHints":{"allow":["GET"]}}],"collection":[{"href":"http:\/\/shinyyoustationery.com\/de\/wp-json\/wp\/v2\/product"}],"about":[{"href":"http:\/\/shinyyoustationery.com\/de\/wp-json\/wp\/v2\/types\/product"}],"version-history":[{"count":0,"href":"http:\/\/shinyyoustationery.com\/de\/wp-json\/wp\/v2\/product\/35326\/revisions"}],"wp:featuredmedia":[{"embeddable":true,"href":"http:\/\/shinyyoustationery.com\/de\/wp-json\/wp\/v2\/media\/35327"}],"wp:attachment":[{"href":"http:\/\/shinyyoustationery.com\/de\/wp-json\/wp\/v2\/media?parent=35326"}],"wp:term":[{"taxonomy":"product_brand","embeddable":true,"href":"http:\/\/shinyyoustationery.com\/de\/wp-json\/wp\/v2\/product_brand?post=35326"},{"taxonomy":"product_cat","embeddable":true,"href":"http:\/\/shinyyoustationery.com\/de\/wp-json\/wp\/v2\/product_cat?post=35326"},{"taxonomy":"product_tag","embeddable":true,"href":"http:\/\/shinyyoustationery.com\/de\/wp-json\/wp\/v2\/product_tag?post=35326"}],"curies":[{"name":"wp","href":"https:\/\/api.w.org\/{rel}","templated":true}]}}