{"id":35331,"date":"2025-07-09T19:30:35","date_gmt":"2025-07-09T11:30:35","guid":{"rendered":"http:\/\/45.63.70.205\/?post_type=product&#038;p=35331"},"modified":"2025-07-09T19:50:16","modified_gmt":"2025-07-09T11:50:16","slug":"set-of-8-rainbow-holographic-pencils-with-erasers-vibrant-and-fun-for-school-office","status":"publish","type":"product","link":"http:\/\/shinyyoustationery.com\/de\/set-of-8-rainbow-holographic-pencils-with-erasers-vibrant-and-fun-for-school-office\/","title":{"rendered":"Set mit 8 holografischen Regenbogenstiften mit Radiergummi - lebendig und lustig f\u00fcr Schule und B\u00fcro"},"content":{"rendered":"","protected":false},"excerpt":{"rendered":"<p>Bringen Sie mit diesem Set aus 8 holografischen Regenbogenstiften Farbe in Ihre Schreibwaren. Jeder Bleistift verf\u00fcgt \u00fcber eine atemberaubende, reflektierende holografische Oberfl\u00e4che, die sich im Licht ver\u00e4ndert, so dass es Spa\u00df macht, sie zu betrachten und zu benutzen. Ausgestattet mit einem praktischen Radiergummi sind diese Bleistifte perfekt f\u00fcr schnelle Korrekturen, zum Schreiben und Zeichnen. Ob in der Schule, bei der Arbeit oder bei kreativen Projekten - diese leuchtenden Bleistifte sind ein echter Hingucker auf dem Schreibtisch oder in der Federtasche.<\/p>","protected":false},"featured_media":35336,"template":"","meta":[],"product_brand":[],"product_cat":[416,331,410,415],"product_tag":[],"class_list":{"0":"post-35331","1":"product","2":"type-product","3":"status-publish","4":"has-post-thumbnail","6":"product_cat-pencil","7":"product_cat-stationery-set","8":"product_cat-writing-instruments","9":"product_cat-pen","11":"first","12":"instock","13":"shipping-taxable","14":"product-type-simple"},"_links":{"self":[{"href":"http:\/\/shinyyoustationery.com\/de\/wp-json\/wp\/v2\/product\/35331","targetHints":{"allow":["GET"]}}],"collection":[{"href":"http:\/\/shinyyoustationery.com\/de\/wp-json\/wp\/v2\/product"}],"about":[{"href":"http:\/\/shinyyoustationery.com\/de\/wp-json\/wp\/v2\/types\/product"}],"version-history":[{"count":0,"href":"http:\/\/shinyyoustationery.com\/de\/wp-json\/wp\/v2\/product\/35331\/revisions"}],"wp:featuredmedia":[{"embeddable":true,"href":"http:\/\/shinyyoustationery.com\/de\/wp-json\/wp\/v2\/media\/35336"}],"wp:attachment":[{"href":"http:\/\/shinyyoustationery.com\/de\/wp-json\/wp\/v2\/media?parent=35331"}],"wp:term":[{"taxonomy":"product_brand","embeddable":true,"href":"http:\/\/shinyyoustationery.com\/de\/wp-json\/wp\/v2\/product_brand?post=35331"},{"taxonomy":"product_cat","embeddable":true,"href":"http:\/\/shinyyoustationery.com\/de\/wp-json\/wp\/v2\/product_cat?post=35331"},{"taxonomy":"product_tag","embeddable":true,"href":"http:\/\/shinyyoustationery.com\/de\/wp-json\/wp\/v2\/product_tag?post=35331"}],"curies":[{"name":"wp","href":"https:\/\/api.w.org\/{rel}","templated":true}]}}