{"id":35339,"date":"2025-07-09T19:53:02","date_gmt":"2025-07-09T11:53:02","guid":{"rendered":"http:\/\/45.63.70.205\/?post_type=product&#038;p=35339"},"modified":"2025-07-09T19:55:37","modified_gmt":"2025-07-09T11:55:37","slug":"set-of-6-chunky-colouring-pencils-bright-colors-for-kids-and-creative-projects","status":"publish","type":"product","link":"http:\/\/shinyyoustationery.com\/de\/set-of-6-chunky-colouring-pencils-bright-colors-for-kids-and-creative-projects\/","title":{"rendered":"6er-Set Chunky Colouring Pencils - Leuchtende Farben f\u00fcr Kinder und kreative Projekte"},"content":{"rendered":"","protected":false},"excerpt":{"rendered":"<p>Dieses Set mit 6 klobigen Buntstiften ist perfekt f\u00fcr Kinder, K\u00fcnstler und alle, die ihren Kreationen leuchtende Farben hinzuf\u00fcgen m\u00f6chten. Mit leuchtenden und kr\u00e4ftigen Farben, darunter Rot, Orange, Gelb, Gr\u00fcn, Blau und Schwarz, sind diese Stifte ideal zum Zeichnen, Ausmalen und Skizzieren. Das klobige Design ist f\u00fcr kleine H\u00e4nde leicht zu greifen und eignet sich daher hervorragend f\u00fcr Kinder und Anf\u00e4nger. Ganz gleich, ob Sie ein Kunstwerk erstellen, in einem Buch ausmalen oder an einem kreativen Projekt arbeiten, diese langlebigen Stifte liefern gleichm\u00e4\u00dfige, satte Farben, die jede Zeichnung zum Leben erwecken. Ideal f\u00fcr Klassenzimmer, Heimprojekte oder als lustiges Geschenk f\u00fcr junge K\u00fcnstler!<\/p>","protected":false},"featured_media":35340,"template":"","meta":[],"product_brand":[],"product_cat":[416,415,331,410],"product_tag":[],"class_list":{"0":"post-35339","1":"product","2":"type-product","3":"status-publish","4":"has-post-thumbnail","6":"product_cat-pencil","7":"product_cat-pen","8":"product_cat-stationery-set","9":"product_cat-writing-instruments","11":"first","12":"instock","13":"shipping-taxable","14":"product-type-simple"},"_links":{"self":[{"href":"http:\/\/shinyyoustationery.com\/de\/wp-json\/wp\/v2\/product\/35339","targetHints":{"allow":["GET"]}}],"collection":[{"href":"http:\/\/shinyyoustationery.com\/de\/wp-json\/wp\/v2\/product"}],"about":[{"href":"http:\/\/shinyyoustationery.com\/de\/wp-json\/wp\/v2\/types\/product"}],"version-history":[{"count":0,"href":"http:\/\/shinyyoustationery.com\/de\/wp-json\/wp\/v2\/product\/35339\/revisions"}],"wp:featuredmedia":[{"embeddable":true,"href":"http:\/\/shinyyoustationery.com\/de\/wp-json\/wp\/v2\/media\/35340"}],"wp:attachment":[{"href":"http:\/\/shinyyoustationery.com\/de\/wp-json\/wp\/v2\/media?parent=35339"}],"wp:term":[{"taxonomy":"product_brand","embeddable":true,"href":"http:\/\/shinyyoustationery.com\/de\/wp-json\/wp\/v2\/product_brand?post=35339"},{"taxonomy":"product_cat","embeddable":true,"href":"http:\/\/shinyyoustationery.com\/de\/wp-json\/wp\/v2\/product_cat?post=35339"},{"taxonomy":"product_tag","embeddable":true,"href":"http:\/\/shinyyoustationery.com\/de\/wp-json\/wp\/v2\/product_tag?post=35339"}],"curies":[{"name":"wp","href":"https:\/\/api.w.org\/{rel}","templated":true}]}}