{"id":35345,"date":"2025-07-09T20:00:48","date_gmt":"2025-07-09T12:00:48","guid":{"rendered":"http:\/\/45.63.70.205\/?post_type=product&#038;p=35345"},"modified":"2025-07-09T20:03:42","modified_gmt":"2025-07-09T12:03:42","slug":"set-of-8-elegant-colored-pencils-earthy-tones-and-blues-for-school-office","status":"publish","type":"product","link":"http:\/\/shinyyoustationery.com\/de\/set-of-8-elegant-colored-pencils-earthy-tones-and-blues-for-school-office\/","title":{"rendered":"Set mit 8 eleganten Buntstiften - erdige T\u00f6ne und Blaut\u00f6ne f\u00fcr Schule und B\u00fcro"},"content":{"rendered":"","protected":false},"excerpt":{"rendered":"<p>Dieses Set aus 8 eleganten Buntstiften bietet eine sch\u00f6ne Mischung aus Erd- und Blaut\u00f6nen, darunter sattes Braun, sanftes Rosa, leuchtendes Blau und tiefes Marineblau. Diese Stifte eignen sich perfekt f\u00fcr die Schule, das B\u00fcro oder kreative Projekte und erm\u00f6glichen ein fl\u00fcssiges Schreiben und Skizzieren. Das hochwertige Holz sorgt f\u00fcr Langlebigkeit, w\u00e4hrend die Radiergummis an der Spitze f\u00fcr einfache Korrekturen sorgen.<\/p>","protected":false},"featured_media":35346,"template":"","meta":[],"product_brand":[],"product_cat":[416,415,331,410],"product_tag":[],"class_list":{"0":"post-35345","1":"product","2":"type-product","3":"status-publish","4":"has-post-thumbnail","6":"product_cat-pencil","7":"product_cat-pen","8":"product_cat-stationery-set","9":"product_cat-writing-instruments","11":"first","12":"instock","13":"shipping-taxable","14":"product-type-simple"},"_links":{"self":[{"href":"http:\/\/shinyyoustationery.com\/de\/wp-json\/wp\/v2\/product\/35345","targetHints":{"allow":["GET"]}}],"collection":[{"href":"http:\/\/shinyyoustationery.com\/de\/wp-json\/wp\/v2\/product"}],"about":[{"href":"http:\/\/shinyyoustationery.com\/de\/wp-json\/wp\/v2\/types\/product"}],"version-history":[{"count":0,"href":"http:\/\/shinyyoustationery.com\/de\/wp-json\/wp\/v2\/product\/35345\/revisions"}],"wp:featuredmedia":[{"embeddable":true,"href":"http:\/\/shinyyoustationery.com\/de\/wp-json\/wp\/v2\/media\/35346"}],"wp:attachment":[{"href":"http:\/\/shinyyoustationery.com\/de\/wp-json\/wp\/v2\/media?parent=35345"}],"wp:term":[{"taxonomy":"product_brand","embeddable":true,"href":"http:\/\/shinyyoustationery.com\/de\/wp-json\/wp\/v2\/product_brand?post=35345"},{"taxonomy":"product_cat","embeddable":true,"href":"http:\/\/shinyyoustationery.com\/de\/wp-json\/wp\/v2\/product_cat?post=35345"},{"taxonomy":"product_tag","embeddable":true,"href":"http:\/\/shinyyoustationery.com\/de\/wp-json\/wp\/v2\/product_tag?post=35345"}],"curies":[{"name":"wp","href":"https:\/\/api.w.org\/{rel}","templated":true}]}}