{"id":35552,"date":"2025-07-14T04:17:04","date_gmt":"2025-07-14T12:17:04","guid":{"rendered":"http:\/\/45.63.70.205\/?post_type=product&#038;p=35552"},"modified":"2025-07-14T04:23:21","modified_gmt":"2025-07-14T12:23:21","slug":"purple-a4-ring-binder-for-school-office","status":"publish","type":"product","link":"http:\/\/shinyyoustationery.com\/de\/purple-a4-ring-binder-for-school-office\/","title":{"rendered":"Lila A4 Ringbuch f\u00fcr Schule &amp; B\u00fcro"},"content":{"rendered":"","protected":false},"excerpt":{"rendered":"<p>Bringen Sie Farbe in Ihren Arbeitsbereich mit dem Shiny You Sparkle Dreams Purple A4 Ringbuch. Mit verspielten Einh\u00f6rnern, leuchtenden Regenb\u00f6gen und positiven Botschaften wie \"Dream\", \"Sparkle\" und \"Believe\" ist dieses Ringbuch die ideale Wahl f\u00fcr Studenten, Lehrer und alle, die ihre Organisation ein wenig aufpeppen m\u00f6chten. Er ist aus strapazierf\u00e4higem Material gefertigt und eignet sich perfekt, um Ihre Dokumente sicher aufzubewahren und Ihrem B\u00fcro oder Studienraum einen Hauch von Laune zu verleihen.<\/p>","protected":false},"featured_media":35553,"template":"","meta":[],"product_brand":[],"product_cat":[413],"product_tag":[],"class_list":{"0":"post-35552","1":"product","2":"type-product","3":"status-publish","4":"has-post-thumbnail","6":"product_cat-ring-binder","8":"first","9":"instock","10":"shipping-taxable","11":"product-type-simple"},"_links":{"self":[{"href":"http:\/\/shinyyoustationery.com\/de\/wp-json\/wp\/v2\/product\/35552","targetHints":{"allow":["GET"]}}],"collection":[{"href":"http:\/\/shinyyoustationery.com\/de\/wp-json\/wp\/v2\/product"}],"about":[{"href":"http:\/\/shinyyoustationery.com\/de\/wp-json\/wp\/v2\/types\/product"}],"version-history":[{"count":0,"href":"http:\/\/shinyyoustationery.com\/de\/wp-json\/wp\/v2\/product\/35552\/revisions"}],"wp:featuredmedia":[{"embeddable":true,"href":"http:\/\/shinyyoustationery.com\/de\/wp-json\/wp\/v2\/media\/35553"}],"wp:attachment":[{"href":"http:\/\/shinyyoustationery.com\/de\/wp-json\/wp\/v2\/media?parent=35552"}],"wp:term":[{"taxonomy":"product_brand","embeddable":true,"href":"http:\/\/shinyyoustationery.com\/de\/wp-json\/wp\/v2\/product_brand?post=35552"},{"taxonomy":"product_cat","embeddable":true,"href":"http:\/\/shinyyoustationery.com\/de\/wp-json\/wp\/v2\/product_cat?post=35552"},{"taxonomy":"product_tag","embeddable":true,"href":"http:\/\/shinyyoustationery.com\/de\/wp-json\/wp\/v2\/product_tag?post=35552"}],"curies":[{"name":"wp","href":"https:\/\/api.w.org\/{rel}","templated":true}]}}