{"id":35561,"date":"2025-07-14T04:29:02","date_gmt":"2025-07-14T12:29:02","guid":{"rendered":"http:\/\/45.63.70.205\/?post_type=product&#038;p=35561"},"modified":"2025-07-14T04:32:40","modified_gmt":"2025-07-14T12:32:40","slug":"purple-a4-ring-binder-eco-friendly-and-stylish-for-home-office","status":"publish","type":"product","link":"http:\/\/shinyyoustationery.com\/de\/purple-a4-ring-binder-eco-friendly-and-stylish-for-home-office\/","title":{"rendered":"Lila A4 Ringbuch - Umweltfreundlich und stilvoll f\u00fcr Haus und B\u00fcro"},"content":{"rendered":"","protected":false},"excerpt":{"rendered":"<p>Zeigen Sie Ihren umweltbewussten Stil mit dem lila A4-Ringbuch Shiny You \"Save Paper\". Mit seinem verspielten gr\u00fcnen Design und der aussagekr\u00e4ftigen Botschaft ist dieses Ringbuch perfekt geeignet, um Ihre wichtigen Dokumente auf umweltfreundliche Weise zu ordnen. Die beruhigende lavendelfarbene Farbe verleiht Ihrem Arbeitsbereich eine beruhigende Note und macht ihn zur idealen Wahl f\u00fcr Heimb\u00fcros und Klassenzimmer. Bleiben Sie organisiert und f\u00f6rdern Sie gleichzeitig die Nachhaltigkeit mit dieser charmanten und funktionalen Mappe.<\/p>","protected":false},"featured_media":35562,"template":"","meta":[],"product_brand":[],"product_cat":[413],"product_tag":[],"class_list":{"0":"post-35561","1":"product","2":"type-product","3":"status-publish","4":"has-post-thumbnail","6":"product_cat-ring-binder","8":"first","9":"instock","10":"shipping-taxable","11":"product-type-simple"},"_links":{"self":[{"href":"http:\/\/shinyyoustationery.com\/de\/wp-json\/wp\/v2\/product\/35561","targetHints":{"allow":["GET"]}}],"collection":[{"href":"http:\/\/shinyyoustationery.com\/de\/wp-json\/wp\/v2\/product"}],"about":[{"href":"http:\/\/shinyyoustationery.com\/de\/wp-json\/wp\/v2\/types\/product"}],"version-history":[{"count":0,"href":"http:\/\/shinyyoustationery.com\/de\/wp-json\/wp\/v2\/product\/35561\/revisions"}],"wp:featuredmedia":[{"embeddable":true,"href":"http:\/\/shinyyoustationery.com\/de\/wp-json\/wp\/v2\/media\/35562"}],"wp:attachment":[{"href":"http:\/\/shinyyoustationery.com\/de\/wp-json\/wp\/v2\/media?parent=35561"}],"wp:term":[{"taxonomy":"product_brand","embeddable":true,"href":"http:\/\/shinyyoustationery.com\/de\/wp-json\/wp\/v2\/product_brand?post=35561"},{"taxonomy":"product_cat","embeddable":true,"href":"http:\/\/shinyyoustationery.com\/de\/wp-json\/wp\/v2\/product_cat?post=35561"},{"taxonomy":"product_tag","embeddable":true,"href":"http:\/\/shinyyoustationery.com\/de\/wp-json\/wp\/v2\/product_tag?post=35561"}],"curies":[{"name":"wp","href":"https:\/\/api.w.org\/{rel}","templated":true}]}}