{"id":35944,"date":"2025-07-29T00:34:42","date_gmt":"2025-07-29T08:34:42","guid":{"rendered":"http:\/\/45.63.70.205\/?post_type=product&#038;p=35944"},"modified":"2026-02-05T20:52:40","modified_gmt":"2026-02-05T12:52:40","slug":"wholesale-custom-reusable-water-coloring-painting-book-for-kids-with-doodle-pen","status":"publish","type":"product","link":"http:\/\/shinyyoustationery.com\/de\/wholesale-custom-reusable-water-coloring-painting-book-for-kids-with-doodle-pen\/","title":{"rendered":"Gro\u00dfhandel benutzerdefinierte wiederverwendbare Wasser f\u00e4rben Malbuch f\u00fcr Kinder mit Doodle Pen"},"content":{"rendered":"<p data-start=\"87\" data-end=\"337\">Unleash your child\u2019s creativity with our <strong data-start=\"128\" data-end=\"195\">Wholesale Custom Reusable Water Coloring Painting Book for Kids<\/strong>! This innovative workbook comes with a <strong data-start=\"235\" data-end=\"249\">doodle pen<\/strong> and reusable water pages, making it a fun, mess-free way for children to explore art.<\/p>\n<ul data-start=\"339\" data-end=\"973\">\n<li data-start=\"339\" data-end=\"484\">\n<p data-start=\"341\" data-end=\"484\"><strong data-start=\"341\" data-end=\"369\">Reusable &amp; Eco-Friendly:<\/strong> Simply use water with the included doodle pen \u2013 colors appear magically and fade when dry, ready to paint again.<\/p>\n<\/li>\n<li data-start=\"485\" data-end=\"630\">\n<p data-start=\"487\" data-end=\"630\"><strong data-start=\"487\" data-end=\"506\">All-in-One Fun:<\/strong> Eigenschaften <strong data-start=\"516\" data-end=\"560\">fun illustrations and drawing activities<\/strong> designed for kids to practice creativity and hand-eye coordination.<\/p>\n<\/li>\n<li data-start=\"631\" data-end=\"730\">\n<p data-start=\"633\" data-end=\"730\"><strong data-start=\"633\" data-end=\"659\">Safe &amp; Child-Friendly:<\/strong> Made from <strong data-start=\"670\" data-end=\"702\">non-toxic, durable materials<\/strong> perfect for repeated use.<\/p>\n<\/li>\n<li data-start=\"731\" data-end=\"842\">\n<p data-start=\"733\" data-end=\"842\"><strong data-start=\"733\" data-end=\"758\">Portable &amp; Mess-Free:<\/strong> Great for home, travel, or classroom use without worrying about spills or stains.<\/p>\n<\/li>\n<li data-start=\"843\" data-end=\"973\">\n<p data-start=\"845\" data-end=\"973\"><strong data-start=\"845\" data-end=\"876\">Customizable for Wholesale:<\/strong> Ideal for <strong data-start=\"887\" data-end=\"932\">educational stores, schools, or retailers<\/strong> looking to offer branded art supplies.<\/p>\n<\/li>\n<\/ul>\n<p data-start=\"975\" data-end=\"1137\">Keep kids entertained while helping them <strong data-start=\"1016\" data-end=\"1074\">learn, practice drawing, and develop fine motor skills<\/strong> with a fun, reusable, and eco-conscious coloring experience!<\/p>","protected":false},"excerpt":{"rendered":"<ul>\n<li><strong>Komplettes Set zum Zeichnen und Ausmalen<\/strong> - Malbuch mit Doddle Sketch Pen &amp; bunten Bildern<\/li>\n<li><strong>Unendlich nutzbar<\/strong> - WIEDERVERWENDBARE Wasser-Malb\u00fccher f\u00fcr Kinder<\/li>\n<li><strong>Malbuch mit Bildern skizziert<\/strong> - Enth\u00e4lt 8 Seiten - 4 Seiten zum Ausmalen und 4 Seiten mit Aktivit\u00e4ten<\/li>\n<li><strong>Spielend lernen<\/strong> - Helle Farben, damit Kinder malen k\u00f6nnen, w\u00e4hrend sie eine Reihe von niedlichen Tieren und Farben kennenlernen, spielerisch lernen und Spa\u00df haben, das Interesse der Kinder am Lernen kultivieren und ihnen eine Br\u00fccke zur Erkundung der Welt bauen<\/li>\n<li><strong>Fr\u00fchf\u00f6rderung f\u00fcr Kinder ab 2 Jahren<\/strong> - Das perfekte Buch f\u00fcr Kinder, die gerade lesen und schreiben lernen.<\/li>\n<li><strong>Wie es funktioniert<\/strong> - F\u00fcgen Sie dem Stift Wasser hinzu, f\u00e4rben Sie die Seite mit dem Zauberstift ein, die gef\u00e4rbten Bereiche verblassen allm\u00e4hlich nach etwa 5 bis 10 Minuten, wenn die gef\u00e4rbten Bereiche trocknen, und die Seiten k\u00f6nnen erneut gef\u00e4rbt werden.<\/li>\n<\/ul>","protected":false},"featured_media":35949,"template":"","meta":[],"product_brand":[],"product_cat":[728,702],"product_tag":[],"class_list":{"0":"post-35944","1":"product","2":"type-product","3":"status-publish","4":"has-post-thumbnail","6":"product_cat-colouring-book","7":"product_cat-arts-crafts-collection","9":"first","10":"instock","11":"shipping-taxable","12":"product-type-simple"},"_links":{"self":[{"href":"http:\/\/shinyyoustationery.com\/de\/wp-json\/wp\/v2\/product\/35944","targetHints":{"allow":["GET"]}}],"collection":[{"href":"http:\/\/shinyyoustationery.com\/de\/wp-json\/wp\/v2\/product"}],"about":[{"href":"http:\/\/shinyyoustationery.com\/de\/wp-json\/wp\/v2\/types\/product"}],"version-history":[{"count":0,"href":"http:\/\/shinyyoustationery.com\/de\/wp-json\/wp\/v2\/product\/35944\/revisions"}],"wp:featuredmedia":[{"embeddable":true,"href":"http:\/\/shinyyoustationery.com\/de\/wp-json\/wp\/v2\/media\/35949"}],"wp:attachment":[{"href":"http:\/\/shinyyoustationery.com\/de\/wp-json\/wp\/v2\/media?parent=35944"}],"wp:term":[{"taxonomy":"product_brand","embeddable":true,"href":"http:\/\/shinyyoustationery.com\/de\/wp-json\/wp\/v2\/product_brand?post=35944"},{"taxonomy":"product_cat","embeddable":true,"href":"http:\/\/shinyyoustationery.com\/de\/wp-json\/wp\/v2\/product_cat?post=35944"},{"taxonomy":"product_tag","embeddable":true,"href":"http:\/\/shinyyoustationery.com\/de\/wp-json\/wp\/v2\/product_tag?post=35944"}],"curies":[{"name":"wp","href":"https:\/\/api.w.org\/{rel}","templated":true}]}}