{"id":35946,"date":"2025-07-29T00:24:52","date_gmt":"2025-07-29T08:24:52","guid":{"rendered":"http:\/\/45.63.70.205\/?post_type=product&#038;p=35946"},"modified":"2025-07-29T00:57:59","modified_gmt":"2025-07-29T08:57:59","slug":"wholesale-custom-reusable-magic-water-books-for-kids-with-doodle-pen-board","status":"publish","type":"product","link":"http:\/\/shinyyoustationery.com\/de\/wholesale-custom-reusable-magic-water-books-for-kids-with-doodle-pen-board\/","title":{"rendered":"Gro\u00dfhandel benutzerdefinierte wiederverwendbare magische Wasser B\u00fccher f\u00fcr Kinder mit Doodle Pen Board"},"content":{"rendered":"<p>Einzigartige Wasser-Malb\u00fccher? Diese neu gestalteten, wiederverwendbaren Wasser-Malb\u00fccher f\u00fcr Kinder enthalten mehrere Cartoon-Motive und p\u00e4dagogische Designs. Die perfekte Gr\u00f6\u00dfe f\u00fcr das Handgep\u00e4ck Ihres Kindes, um es auf jeder Reise zu begleiten<br \/>\nUngiftiges Material? Die Beschichtung unseres magischen Buches besteht aus sicheren und umweltfreundlichen, wiederverwendbaren Materialien, so dass den Kreationen der Kinder keine Grenzen durch Tinte und Farbe gesetzt sind. F\u00fcllen Sie den Stift einfach mit Wasser, um stundenlangen, kreativen Spa\u00df zu haben. Als Mutter brauchen Sie sich keine Sorgen mehr zu machen, dass Ihr Kind beim Malen \u00fcberall Farbe hinbringt.<\/p>\n<ul>\n<li><strong>Mess Free Design:<\/strong> Die Aquarellstifte sind speziell so konzipiert, dass sie nicht auslaufen oder versch\u00fcttet werden k\u00f6nnen, damit kleine H\u00e4nde und Arbeitsbereiche sauber bleiben.<\/li>\n<li><strong>Spielend lernen?<\/strong> Wasserzeichenb\u00fccher haben klare und vielf\u00e4ltige Muster und leuchtende Farben, so dass Kinder zeichnen k\u00f6nnen, w\u00e4hrend sie eine Reihe von niedlichen Tieren und Farben kennenlernen, spielerisch lernen und Spa\u00df haben, das Interesse der Kinder am Lernen kultivieren und ihnen eine Br\u00fccke zur Erkundung der Welt bauen.<\/li>\n<li><strong>Beliebte und kreative Geschenke:<\/strong> Mit gen\u00fcgend Packungen, Jungen und M\u00e4dchen beide anwendbar Stile, lebendige Farben, bequeme Nutzung Methode und einzigartige wiederverwendbare saubere Design, das Wasser Buch ist perfekt f\u00fcr ein Geschenk<\/li>\n<li><strong>Kreatives Geburtstagsr\u00fcckgabegeschenk f\u00fcr Kinder:<\/strong> Dieses Aquarellbuch als Kindergeburtstagsgeschenk in gro\u00dfen Mengen kann nicht nur als Spielzeug verwendet werden, sondern auch die manipulativen, fantasievollen und kreativen F\u00e4higkeiten der Kinder f\u00f6rdern. Das Aquarellbuch f\u00fcr Kinder kann in einer Vielzahl von Formen kombiniert werden. Kinder lieben dieses Gegengeschenk zum Geburtstag und genie\u00dfen es, in diesen farbenfrohen Bl\u00e4ttern zu malen, wenn sie es als Gegengeschenk zum Kindergeburtstag bekommen.<\/li>\n<\/ul>","protected":false},"excerpt":{"rendered":"<p>Unique Water Coloring Books? This newly designed Reusable water coloring books for kids includes multi cartoon and educational designs. The<\/p>","protected":false},"featured_media":35968,"template":"","meta":[],"product_brand":[],"product_cat":[728,702],"product_tag":[],"class_list":{"0":"post-35946","1":"product","2":"type-product","3":"status-publish","4":"has-post-thumbnail","6":"product_cat-colouring-book","7":"product_cat-arts-crafts-collection","9":"first","10":"instock","11":"shipping-taxable","12":"product-type-simple"},"_links":{"self":[{"href":"http:\/\/shinyyoustationery.com\/de\/wp-json\/wp\/v2\/product\/35946","targetHints":{"allow":["GET"]}}],"collection":[{"href":"http:\/\/shinyyoustationery.com\/de\/wp-json\/wp\/v2\/product"}],"about":[{"href":"http:\/\/shinyyoustationery.com\/de\/wp-json\/wp\/v2\/types\/product"}],"version-history":[{"count":0,"href":"http:\/\/shinyyoustationery.com\/de\/wp-json\/wp\/v2\/product\/35946\/revisions"}],"wp:featuredmedia":[{"embeddable":true,"href":"http:\/\/shinyyoustationery.com\/de\/wp-json\/wp\/v2\/media\/35968"}],"wp:attachment":[{"href":"http:\/\/shinyyoustationery.com\/de\/wp-json\/wp\/v2\/media?parent=35946"}],"wp:term":[{"taxonomy":"product_brand","embeddable":true,"href":"http:\/\/shinyyoustationery.com\/de\/wp-json\/wp\/v2\/product_brand?post=35946"},{"taxonomy":"product_cat","embeddable":true,"href":"http:\/\/shinyyoustationery.com\/de\/wp-json\/wp\/v2\/product_cat?post=35946"},{"taxonomy":"product_tag","embeddable":true,"href":"http:\/\/shinyyoustationery.com\/de\/wp-json\/wp\/v2\/product_tag?post=35946"}],"curies":[{"name":"wp","href":"https:\/\/api.w.org\/{rel}","templated":true}]}}