{"id":29819,"date":"2025-05-20T19:30:20","date_gmt":"2025-05-21T03:30:20","guid":{"rendered":"http:\/\/45.63.70.205\/?post_type=product&#038;p=29819"},"modified":"2025-05-20T21:27:36","modified_gmt":"2025-05-21T05:27:36","slug":"wholesale-custom-green-solar-powered-calculator-with-soft-keys","status":"publish","type":"product","link":"http:\/\/shinyyoustationery.com\/es\/wholesale-custom-green-solar-powered-calculator-with-soft-keys\/","title":{"rendered":"Mayorista Calculadora Solar Verde Personalizada con Teclas Blandas"},"content":{"rendered":"","protected":false},"excerpt":{"rendered":"<p>Esta calculadora ecol\u00f3gica alimentada por energ\u00eda solar presenta un dise\u00f1o respetuoso con el medio ambiente con teclas suaves para un manejo c\u00f3modo. Se carga mediante energ\u00eda solar, eliminando la necesidad de pilas, lo que la hace eficiente energ\u00e9ticamente y respetuosa con el medio ambiente, perfecta para usar en la oficina o en casa.<\/p>","protected":false},"featured_media":29820,"template":"","meta":[],"product_brand":[],"product_cat":[333,397,426],"product_tag":[],"class_list":{"0":"post-29819","1":"product","2":"type-product","3":"status-publish","4":"has-post-thumbnail","6":"product_cat-office-stationery","7":"product_cat-basic-office-stationery","8":"product_cat-calculator","10":"first","11":"instock","12":"shipping-taxable","13":"product-type-simple"},"_links":{"self":[{"href":"http:\/\/shinyyoustationery.com\/es\/wp-json\/wp\/v2\/product\/29819","targetHints":{"allow":["GET"]}}],"collection":[{"href":"http:\/\/shinyyoustationery.com\/es\/wp-json\/wp\/v2\/product"}],"about":[{"href":"http:\/\/shinyyoustationery.com\/es\/wp-json\/wp\/v2\/types\/product"}],"version-history":[{"count":0,"href":"http:\/\/shinyyoustationery.com\/es\/wp-json\/wp\/v2\/product\/29819\/revisions"}],"wp:featuredmedia":[{"embeddable":true,"href":"http:\/\/shinyyoustationery.com\/es\/wp-json\/wp\/v2\/media\/29820"}],"wp:attachment":[{"href":"http:\/\/shinyyoustationery.com\/es\/wp-json\/wp\/v2\/media?parent=29819"}],"wp:term":[{"taxonomy":"product_brand","embeddable":true,"href":"http:\/\/shinyyoustationery.com\/es\/wp-json\/wp\/v2\/product_brand?post=29819"},{"taxonomy":"product_cat","embeddable":true,"href":"http:\/\/shinyyoustationery.com\/es\/wp-json\/wp\/v2\/product_cat?post=29819"},{"taxonomy":"product_tag","embeddable":true,"href":"http:\/\/shinyyoustationery.com\/es\/wp-json\/wp\/v2\/product_tag?post=29819"}],"curies":[{"name":"wp","href":"https:\/\/api.w.org\/{rel}","templated":true}]}}