{"id":29852,"date":"2025-05-20T22:10:06","date_gmt":"2025-05-21T06:10:06","guid":{"rendered":"http:\/\/45.63.70.205\/?post_type=product&#038;p=29852"},"modified":"2025-06-20T01:59:37","modified_gmt":"2025-06-20T09:59:37","slug":"wholesale-custom-syg25095-green-solar-powered-pocket-calculator-with-eco-friendly-design","status":"publish","type":"product","link":"http:\/\/shinyyoustationery.com\/es\/wholesale-custom-syg25095-green-solar-powered-pocket-calculator-with-eco-friendly-design\/","title":{"rendered":"Mayorista SYG25095 Calculadora de Bolsillo con Energ\u00eda Solar y Dise\u00f1o Ecol\u00f3gico"},"content":{"rendered":"","protected":false},"excerpt":{"rendered":"<p>Esta calculadora ecol\u00f3gica y compacta dispone de botones grandes y f\u00e1ciles de pulsar para un uso c\u00f3modo. Alimentada por energ\u00eda solar, elimina la necesidad de pilas, lo que la convierte en una opci\u00f3n pr\u00e1ctica y sostenible para los c\u00e1lculos diarios en casa o en la oficina.<\/p>\n<p>&nbsp;<\/p>\n<p>&nbsp;<\/p>\n<p>&nbsp;<\/p>","protected":false},"featured_media":32931,"template":"","meta":[],"product_brand":[],"product_cat":[426,681,333,397],"product_tag":[],"class_list":{"0":"post-29852","1":"product","2":"type-product","3":"status-publish","4":"has-post-thumbnail","6":"product_cat-calculator","7":"product_cat-green-collection","8":"product_cat-office-stationery","9":"product_cat-basic-office-stationery","11":"first","12":"instock","13":"shipping-taxable","14":"product-type-simple"},"_links":{"self":[{"href":"http:\/\/shinyyoustationery.com\/es\/wp-json\/wp\/v2\/product\/29852","targetHints":{"allow":["GET"]}}],"collection":[{"href":"http:\/\/shinyyoustationery.com\/es\/wp-json\/wp\/v2\/product"}],"about":[{"href":"http:\/\/shinyyoustationery.com\/es\/wp-json\/wp\/v2\/types\/product"}],"version-history":[{"count":0,"href":"http:\/\/shinyyoustationery.com\/es\/wp-json\/wp\/v2\/product\/29852\/revisions"}],"wp:featuredmedia":[{"embeddable":true,"href":"http:\/\/shinyyoustationery.com\/es\/wp-json\/wp\/v2\/media\/32931"}],"wp:attachment":[{"href":"http:\/\/shinyyoustationery.com\/es\/wp-json\/wp\/v2\/media?parent=29852"}],"wp:term":[{"taxonomy":"product_brand","embeddable":true,"href":"http:\/\/shinyyoustationery.com\/es\/wp-json\/wp\/v2\/product_brand?post=29852"},{"taxonomy":"product_cat","embeddable":true,"href":"http:\/\/shinyyoustationery.com\/es\/wp-json\/wp\/v2\/product_cat?post=29852"},{"taxonomy":"product_tag","embeddable":true,"href":"http:\/\/shinyyoustationery.com\/es\/wp-json\/wp\/v2\/product_tag?post=29852"}],"curies":[{"name":"wp","href":"https:\/\/api.w.org\/{rel}","templated":true}]}}