{"id":29859,"date":"2025-05-20T22:18:19","date_gmt":"2025-05-21T06:18:19","guid":{"rendered":"http:\/\/45.63.70.205\/?post_type=product&#038;p=29859"},"modified":"2025-06-20T02:01:46","modified_gmt":"2025-06-20T10:01:46","slug":"wholesale-custom-compact-green-solar-powered-calculator-for-students","status":"publish","type":"product","link":"http:\/\/shinyyoustationery.com\/es\/wholesale-custom-compact-green-solar-powered-calculator-for-students\/","title":{"rendered":"Mayorista Calculadora Solar Verde Compacta Personalizada para Estudiantes"},"content":{"rendered":"","protected":false},"excerpt":{"rendered":"<p>Una calculadora ecol\u00f3gica, compacta y ecol\u00f3gica que funciona con energ\u00eda solar, dise\u00f1ada para el uso diario. Con una interfaz sencilla y f\u00e1cil de usar y funciones aritm\u00e9ticas b\u00e1sicas, esta calculadora es perfecta tanto para estudiantes como para profesionales, ya que ofrece eficiencia y sostenibilidad.<\/p>","protected":false},"featured_media":32936,"template":"","meta":[],"product_brand":[],"product_cat":[333,397,426,681],"product_tag":[],"class_list":{"0":"post-29859","1":"product","2":"type-product","3":"status-publish","4":"has-post-thumbnail","6":"product_cat-office-stationery","7":"product_cat-basic-office-stationery","8":"product_cat-calculator","9":"product_cat-green-collection","11":"first","12":"instock","13":"shipping-taxable","14":"product-type-simple"},"_links":{"self":[{"href":"http:\/\/shinyyoustationery.com\/es\/wp-json\/wp\/v2\/product\/29859","targetHints":{"allow":["GET"]}}],"collection":[{"href":"http:\/\/shinyyoustationery.com\/es\/wp-json\/wp\/v2\/product"}],"about":[{"href":"http:\/\/shinyyoustationery.com\/es\/wp-json\/wp\/v2\/types\/product"}],"version-history":[{"count":0,"href":"http:\/\/shinyyoustationery.com\/es\/wp-json\/wp\/v2\/product\/29859\/revisions"}],"wp:featuredmedia":[{"embeddable":true,"href":"http:\/\/shinyyoustationery.com\/es\/wp-json\/wp\/v2\/media\/32936"}],"wp:attachment":[{"href":"http:\/\/shinyyoustationery.com\/es\/wp-json\/wp\/v2\/media?parent=29859"}],"wp:term":[{"taxonomy":"product_brand","embeddable":true,"href":"http:\/\/shinyyoustationery.com\/es\/wp-json\/wp\/v2\/product_brand?post=29859"},{"taxonomy":"product_cat","embeddable":true,"href":"http:\/\/shinyyoustationery.com\/es\/wp-json\/wp\/v2\/product_cat?post=29859"},{"taxonomy":"product_tag","embeddable":true,"href":"http:\/\/shinyyoustationery.com\/es\/wp-json\/wp\/v2\/product_tag?post=29859"}],"curies":[{"name":"wp","href":"https:\/\/api.w.org\/{rel}","templated":true}]}}