{"id":29918,"date":"2025-05-21T00:26:20","date_gmt":"2025-05-21T08:26:20","guid":{"rendered":"http:\/\/45.63.70.205\/?post_type=product&#038;p=29918"},"modified":"2025-06-20T02:39:31","modified_gmt":"2025-06-20T10:39:31","slug":"wholesale-custom-shiny-green-a5-notebook-with-elastic-band","status":"publish","type":"product","link":"http:\/\/shinyyoustationery.com\/es\/wholesale-custom-shiny-green-a5-notebook-with-elastic-band\/","title":{"rendered":"Mayorista Cuaderno A5 Verde Brillante Personalizado con Banda El\u00e1stica"},"content":{"rendered":"","protected":false},"excerpt":{"rendered":"<p>Este llamativo cuaderno A5 presenta una cubierta verde vibrante y brillante, perfecta para cualquiera que busque un compa\u00f1ero elegante y pr\u00e1ctico para sus notas o bocetos. La cubierta texturizada a\u00f1ade un toque extra de sofisticaci\u00f3n, mientras que la banda el\u00e1stica garantiza la seguridad de las p\u00e1ginas. Su tama\u00f1o compacto hace que sea f\u00e1cil de llevar a cualquier parte, por lo que es ideal para la escuela, el trabajo o el diario personal.<\/p>","protected":false},"featured_media":32954,"template":"","meta":[],"product_brand":[],"product_cat":[387,494,681],"product_tag":[],"class_list":{"0":"post-29918","1":"product","2":"type-product","3":"status-publish","4":"has-post-thumbnail","6":"product_cat-notebooks-journals","7":"product_cat-composition-notebook","8":"product_cat-green-collection","10":"first","11":"instock","12":"shipping-taxable","13":"product-type-simple"},"_links":{"self":[{"href":"http:\/\/shinyyoustationery.com\/es\/wp-json\/wp\/v2\/product\/29918","targetHints":{"allow":["GET"]}}],"collection":[{"href":"http:\/\/shinyyoustationery.com\/es\/wp-json\/wp\/v2\/product"}],"about":[{"href":"http:\/\/shinyyoustationery.com\/es\/wp-json\/wp\/v2\/types\/product"}],"version-history":[{"count":0,"href":"http:\/\/shinyyoustationery.com\/es\/wp-json\/wp\/v2\/product\/29918\/revisions"}],"wp:featuredmedia":[{"embeddable":true,"href":"http:\/\/shinyyoustationery.com\/es\/wp-json\/wp\/v2\/media\/32954"}],"wp:attachment":[{"href":"http:\/\/shinyyoustationery.com\/es\/wp-json\/wp\/v2\/media?parent=29918"}],"wp:term":[{"taxonomy":"product_brand","embeddable":true,"href":"http:\/\/shinyyoustationery.com\/es\/wp-json\/wp\/v2\/product_brand?post=29918"},{"taxonomy":"product_cat","embeddable":true,"href":"http:\/\/shinyyoustationery.com\/es\/wp-json\/wp\/v2\/product_cat?post=29918"},{"taxonomy":"product_tag","embeddable":true,"href":"http:\/\/shinyyoustationery.com\/es\/wp-json\/wp\/v2\/product_tag?post=29918"}],"curies":[{"name":"wp","href":"https:\/\/api.w.org\/{rel}","templated":true}]}}