{"id":29946,"date":"2025-05-21T00:44:09","date_gmt":"2025-05-21T08:44:09","guid":{"rendered":"http:\/\/45.63.70.205\/?post_type=product&#038;p=29946"},"modified":"2025-06-23T00:37:07","modified_gmt":"2025-06-23T08:37:07","slug":"wholesale-custom-vibrant-lemon-printed-a5-notebook","status":"publish","type":"product","link":"http:\/\/shinyyoustationery.com\/es\/wholesale-custom-vibrant-lemon-printed-a5-notebook\/","title":{"rendered":"Mayorista Cuaderno A5 personalizado con estampado de lim\u00f3n vibrante"},"content":{"rendered":"","protected":false},"excerpt":{"rendered":"<p>Este divertido cuaderno A5 presenta un alegre estampado de limones sobre una suave cubierta azul pastel, que aporta una explosi\u00f3n de color a su experiencia de escritura. El cuaderno tambi\u00e9n cuenta con una banda el\u00e1stica para mantenerlo bien cerrado, lo que lo convierte en una opci\u00f3n pr\u00e1ctica y encantadora tanto para el trabajo como para el ocio.<\/p>","protected":false},"featured_media":33105,"template":"","meta":[],"product_brand":[],"product_cat":[682,387,494],"product_tag":[],"class_list":{"0":"post-29946","1":"product","2":"type-product","3":"status-publish","4":"has-post-thumbnail","6":"product_cat-lemon-collection","7":"product_cat-notebooks-journals","8":"product_cat-composition-notebook","10":"first","11":"instock","12":"shipping-taxable","13":"product-type-simple"},"_links":{"self":[{"href":"http:\/\/shinyyoustationery.com\/es\/wp-json\/wp\/v2\/product\/29946","targetHints":{"allow":["GET"]}}],"collection":[{"href":"http:\/\/shinyyoustationery.com\/es\/wp-json\/wp\/v2\/product"}],"about":[{"href":"http:\/\/shinyyoustationery.com\/es\/wp-json\/wp\/v2\/types\/product"}],"version-history":[{"count":0,"href":"http:\/\/shinyyoustationery.com\/es\/wp-json\/wp\/v2\/product\/29946\/revisions"}],"wp:featuredmedia":[{"embeddable":true,"href":"http:\/\/shinyyoustationery.com\/es\/wp-json\/wp\/v2\/media\/33105"}],"wp:attachment":[{"href":"http:\/\/shinyyoustationery.com\/es\/wp-json\/wp\/v2\/media?parent=29946"}],"wp:term":[{"taxonomy":"product_brand","embeddable":true,"href":"http:\/\/shinyyoustationery.com\/es\/wp-json\/wp\/v2\/product_brand?post=29946"},{"taxonomy":"product_cat","embeddable":true,"href":"http:\/\/shinyyoustationery.com\/es\/wp-json\/wp\/v2\/product_cat?post=29946"},{"taxonomy":"product_tag","embeddable":true,"href":"http:\/\/shinyyoustationery.com\/es\/wp-json\/wp\/v2\/product_tag?post=29946"}],"curies":[{"name":"wp","href":"https:\/\/api.w.org\/{rel}","templated":true}]}}