{"id":29954,"date":"2025-05-21T00:57:52","date_gmt":"2025-05-21T08:57:52","guid":{"rendered":"http:\/\/45.63.70.205\/?post_type=product&#038;p=29954"},"modified":"2025-06-23T02:28:53","modified_gmt":"2025-06-23T10:28:53","slug":"wholesale-custom-fun-and-colorful-novelty-plush-notebooks","status":"publish","type":"product","link":"http:\/\/shinyyoustationery.com\/es\/wholesale-custom-fun-and-colorful-novelty-plush-notebooks\/","title":{"rendered":"Mayorista Cuadernos de Peluche Personalizados Divertidos y Coloridos"},"content":{"rendered":"","protected":false},"excerpt":{"rendered":"<p>Estos novedosos cuadernos de peluche son perfectos para los amantes de los dise\u00f1os \u00fanicos y llamativos. Cada cuaderno presenta una textura suave y peluda con varios temas l\u00fadicos, como un dise\u00f1o de \u00e1rbol de Navidad, estampados de animales y vibrantes motivos multicolores. Los colores vivos y las texturas divertidas hacen de estos cuadernos una forma divertida de tomar notas, anotar ideas o simplemente expresar tu estilo personal. Ideales para regalar o para dar un toque extravagante a tu escritorio.<\/p>","protected":false},"featured_media":29955,"template":"","meta":[],"product_brand":[],"product_cat":[387,494,676],"product_tag":[],"class_list":{"0":"post-29954","1":"product","2":"type-product","3":"status-publish","4":"has-post-thumbnail","6":"product_cat-notebooks-journals","7":"product_cat-composition-notebook","8":"product_cat-plush-notebook","10":"first","11":"instock","12":"shipping-taxable","13":"product-type-simple"},"_links":{"self":[{"href":"http:\/\/shinyyoustationery.com\/es\/wp-json\/wp\/v2\/product\/29954","targetHints":{"allow":["GET"]}}],"collection":[{"href":"http:\/\/shinyyoustationery.com\/es\/wp-json\/wp\/v2\/product"}],"about":[{"href":"http:\/\/shinyyoustationery.com\/es\/wp-json\/wp\/v2\/types\/product"}],"version-history":[{"count":0,"href":"http:\/\/shinyyoustationery.com\/es\/wp-json\/wp\/v2\/product\/29954\/revisions"}],"wp:featuredmedia":[{"embeddable":true,"href":"http:\/\/shinyyoustationery.com\/es\/wp-json\/wp\/v2\/media\/29955"}],"wp:attachment":[{"href":"http:\/\/shinyyoustationery.com\/es\/wp-json\/wp\/v2\/media?parent=29954"}],"wp:term":[{"taxonomy":"product_brand","embeddable":true,"href":"http:\/\/shinyyoustationery.com\/es\/wp-json\/wp\/v2\/product_brand?post=29954"},{"taxonomy":"product_cat","embeddable":true,"href":"http:\/\/shinyyoustationery.com\/es\/wp-json\/wp\/v2\/product_cat?post=29954"},{"taxonomy":"product_tag","embeddable":true,"href":"http:\/\/shinyyoustationery.com\/es\/wp-json\/wp\/v2\/product_tag?post=29954"}],"curies":[{"name":"wp","href":"https:\/\/api.w.org\/{rel}","templated":true}]}}