{"id":29968,"date":"2025-05-21T01:11:38","date_gmt":"2025-05-21T09:11:38","guid":{"rendered":"http:\/\/45.63.70.205\/?post_type=product&#038;p=29968"},"modified":"2025-06-23T01:32:13","modified_gmt":"2025-06-23T09:32:13","slug":"wholesale-custom-daily-to-do-list-schedule-notepad-with-citrus-print","status":"publish","type":"product","link":"http:\/\/shinyyoustationery.com\/es\/wholesale-custom-daily-to-do-list-schedule-notepad-with-citrus-print\/","title":{"rendered":"Mayorista Bloc de notas personalizado con lista de tareas diarias y horario con estampado de c\u00edtricos"},"content":{"rendered":"","protected":false},"excerpt":{"rendered":"<p>Alegra tu productividad con esta agenda diaria de vibrante tem\u00e1tica c\u00edtrica. Con secciones para la lista de tareas pendientes, el horario (7 a.m.-9 p.m.) y notas r\u00e1pidas, este bloc de notas A5 mantiene tu d\u00eda organizado de una forma divertida y refrescante. El alegre fondo amarillo y azul a\u00f1ade un toque de color a tu escritorio, haciendo que planificar tu d\u00eda te resulte fresco y energizante. Perfecto para casa, la oficina o el colegio.<\/p>","protected":false},"featured_media":33124,"template":"","meta":[],"product_brand":[],"product_cat":[669,682],"product_tag":[],"class_list":{"0":"post-29968","1":"product","2":"type-product","3":"status-publish","4":"has-post-thumbnail","6":"product_cat-planners","7":"product_cat-lemon-collection","9":"first","10":"instock","11":"shipping-taxable","12":"product-type-simple"},"_links":{"self":[{"href":"http:\/\/shinyyoustationery.com\/es\/wp-json\/wp\/v2\/product\/29968","targetHints":{"allow":["GET"]}}],"collection":[{"href":"http:\/\/shinyyoustationery.com\/es\/wp-json\/wp\/v2\/product"}],"about":[{"href":"http:\/\/shinyyoustationery.com\/es\/wp-json\/wp\/v2\/types\/product"}],"version-history":[{"count":0,"href":"http:\/\/shinyyoustationery.com\/es\/wp-json\/wp\/v2\/product\/29968\/revisions"}],"wp:featuredmedia":[{"embeddable":true,"href":"http:\/\/shinyyoustationery.com\/es\/wp-json\/wp\/v2\/media\/33124"}],"wp:attachment":[{"href":"http:\/\/shinyyoustationery.com\/es\/wp-json\/wp\/v2\/media?parent=29968"}],"wp:term":[{"taxonomy":"product_brand","embeddable":true,"href":"http:\/\/shinyyoustationery.com\/es\/wp-json\/wp\/v2\/product_brand?post=29968"},{"taxonomy":"product_cat","embeddable":true,"href":"http:\/\/shinyyoustationery.com\/es\/wp-json\/wp\/v2\/product_cat?post=29968"},{"taxonomy":"product_tag","embeddable":true,"href":"http:\/\/shinyyoustationery.com\/es\/wp-json\/wp\/v2\/product_tag?post=29968"}],"curies":[{"name":"wp","href":"https:\/\/api.w.org\/{rel}","templated":true}]}}