{"id":29980,"date":"2025-05-21T01:28:54","date_gmt":"2025-05-21T09:28:54","guid":{"rendered":"http:\/\/45.63.70.205\/?post_type=product&#038;p=29980"},"modified":"2025-06-24T00:59:19","modified_gmt":"2025-06-24T08:59:19","slug":"wholesale-custom-a5-notebook-made-from-recycled-bottles-rainbow-stripe-design","status":"publish","type":"product","link":"http:\/\/shinyyoustationery.com\/es\/wholesale-custom-a5-notebook-made-from-recycled-bottles-rainbow-stripe-design\/","title":{"rendered":"Mayorista Cuaderno Personalizado A5 - Hecho de Botellas Recicladas, Dise\u00f1o de Rayas Arco Iris"},"content":{"rendered":"","protected":false},"excerpt":{"rendered":"<p>Alegra tu d\u00eda a la vez que ayudas al planeta con este cuaderno de espiral A5 fabricado con botellas de pl\u00e1stico recicladas. Con alegres rayas pastel en verde, azul, morado, rosa y coral, es tan elegante como sostenible. Ligero y duradero, es perfecto para el colegio, el trabajo o para escribir sobre la marcha. Una forma colorida de mantener la conciencia ecol\u00f3gica y la organizaci\u00f3n.<\/p>","protected":false},"featured_media":33317,"template":"","meta":[],"product_brand":[],"product_cat":[387,493,667,683],"product_tag":[],"class_list":{"0":"post-29980","1":"product","2":"type-product","3":"status-publish","4":"has-post-thumbnail","6":"product_cat-notebooks-journals","7":"product_cat-spiral-notebook","8":"product_cat-hardcover-notebook","9":"product_cat-eco-friendly-collection","11":"first","12":"instock","13":"shipping-taxable","14":"product-type-simple"},"_links":{"self":[{"href":"http:\/\/shinyyoustationery.com\/es\/wp-json\/wp\/v2\/product\/29980","targetHints":{"allow":["GET"]}}],"collection":[{"href":"http:\/\/shinyyoustationery.com\/es\/wp-json\/wp\/v2\/product"}],"about":[{"href":"http:\/\/shinyyoustationery.com\/es\/wp-json\/wp\/v2\/types\/product"}],"version-history":[{"count":0,"href":"http:\/\/shinyyoustationery.com\/es\/wp-json\/wp\/v2\/product\/29980\/revisions"}],"wp:featuredmedia":[{"embeddable":true,"href":"http:\/\/shinyyoustationery.com\/es\/wp-json\/wp\/v2\/media\/33317"}],"wp:attachment":[{"href":"http:\/\/shinyyoustationery.com\/es\/wp-json\/wp\/v2\/media?parent=29980"}],"wp:term":[{"taxonomy":"product_brand","embeddable":true,"href":"http:\/\/shinyyoustationery.com\/es\/wp-json\/wp\/v2\/product_brand?post=29980"},{"taxonomy":"product_cat","embeddable":true,"href":"http:\/\/shinyyoustationery.com\/es\/wp-json\/wp\/v2\/product_cat?post=29980"},{"taxonomy":"product_tag","embeddable":true,"href":"http:\/\/shinyyoustationery.com\/es\/wp-json\/wp\/v2\/product_tag?post=29980"}],"curies":[{"name":"wp","href":"https:\/\/api.w.org\/{rel}","templated":true}]}}