{"id":29990,"date":"2025-05-21T01:50:47","date_gmt":"2025-05-21T09:50:47","guid":{"rendered":"http:\/\/45.63.70.205\/?post_type=product&#038;p=29990"},"modified":"2025-05-21T01:51:44","modified_gmt":"2025-05-21T09:51:44","slug":"wildflower-inspired-nature-sticker-set","status":"publish","type":"product","link":"http:\/\/shinyyoustationery.com\/es\/wildflower-inspired-nature-sticker-set\/","title":{"rendered":"Set de pegatinas de naturaleza inspiradas en las flores silvestres"},"content":{"rendered":"","protected":false},"excerpt":{"rendered":"<p>Este encantador set de pegatinas de 3 hojas presenta una hermosa mezcla de flores, p\u00e1jaros, corazones y citas edificantes en suaves tonos tierra y toques dorados met\u00e1licos. Perfectos para escribir un diario, hacer tarjetas, \u00e1lbumes de recortes o decorar tu agenda. Con mensajes como \"deja que tus sue\u00f1os florezcan\" y \"tu lugar est\u00e1 entre las flores silvestres\", estas pegatinas aportan un toque c\u00e1lido y natural a cualquier proyecto creativo.<\/p>","protected":false},"featured_media":29991,"template":"","meta":[],"product_brand":[],"product_cat":[380,660],"product_tag":[],"class_list":{"0":"post-29990","1":"product","2":"type-product","3":"status-publish","4":"has-post-thumbnail","6":"product_cat-school-stationery","7":"product_cat-sticker","9":"first","10":"instock","11":"shipping-taxable","12":"product-type-simple"},"_links":{"self":[{"href":"http:\/\/shinyyoustationery.com\/es\/wp-json\/wp\/v2\/product\/29990","targetHints":{"allow":["GET"]}}],"collection":[{"href":"http:\/\/shinyyoustationery.com\/es\/wp-json\/wp\/v2\/product"}],"about":[{"href":"http:\/\/shinyyoustationery.com\/es\/wp-json\/wp\/v2\/types\/product"}],"version-history":[{"count":0,"href":"http:\/\/shinyyoustationery.com\/es\/wp-json\/wp\/v2\/product\/29990\/revisions"}],"wp:featuredmedia":[{"embeddable":true,"href":"http:\/\/shinyyoustationery.com\/es\/wp-json\/wp\/v2\/media\/29991"}],"wp:attachment":[{"href":"http:\/\/shinyyoustationery.com\/es\/wp-json\/wp\/v2\/media?parent=29990"}],"wp:term":[{"taxonomy":"product_brand","embeddable":true,"href":"http:\/\/shinyyoustationery.com\/es\/wp-json\/wp\/v2\/product_brand?post=29990"},{"taxonomy":"product_cat","embeddable":true,"href":"http:\/\/shinyyoustationery.com\/es\/wp-json\/wp\/v2\/product_cat?post=29990"},{"taxonomy":"product_tag","embeddable":true,"href":"http:\/\/shinyyoustationery.com\/es\/wp-json\/wp\/v2\/product_tag?post=29990"}],"curies":[{"name":"wp","href":"https:\/\/api.w.org\/{rel}","templated":true}]}}