{"id":30000,"date":"2025-05-21T01:58:41","date_gmt":"2025-05-21T09:58:41","guid":{"rendered":"http:\/\/45.63.70.205\/?post_type=product&#038;p=30000"},"modified":"2025-07-14T00:47:53","modified_gmt":"2025-07-14T08:47:53","slug":"wholesale-custom-floral-notepad-sticky-notes-organizer-set","status":"publish","type":"product","link":"http:\/\/shinyyoustationery.com\/es\/wholesale-custom-floral-notepad-sticky-notes-organizer-set\/","title":{"rendered":"Mayorista Bloc de Notas Floral Personalizado y Set Organizador de Notas Adhesivas"},"content":{"rendered":"","protected":false},"excerpt":{"rendered":"<p>Organ\u00edzate con estilo con este encantador juego de blocs de notas de tem\u00e1tica floral. El organizador desplegable, con una atrevida cubierta estampada de margaritas verdes, incluye un bloc de notas \"Lista de tareas pendientes\", notas adhesivas en varios tama\u00f1os y tonos tierra, y un bolsillo decorativo para peque\u00f1os objetos. Perfecto para el hogar, la oficina o la planificaci\u00f3n sobre la marcha, este conjunto todo en uno hace que la productividad se sienta fresca e inspiradora.<\/p>","protected":false},"featured_media":32981,"template":"","meta":[],"product_brand":[],"product_cat":[385,402,427,675,681],"product_tag":[],"class_list":{"0":"post-30000","1":"product","2":"type-product","3":"status-publish","4":"has-post-thumbnail","6":"product_cat-sticky-note","7":"product_cat-desk-organizer-accessories","8":"product_cat-desk-organizer","9":"product_cat-school-desk-organizer","10":"product_cat-green-collection","12":"first","13":"instock","14":"featured","15":"shipping-taxable","16":"product-type-simple"},"_links":{"self":[{"href":"http:\/\/shinyyoustationery.com\/es\/wp-json\/wp\/v2\/product\/30000","targetHints":{"allow":["GET"]}}],"collection":[{"href":"http:\/\/shinyyoustationery.com\/es\/wp-json\/wp\/v2\/product"}],"about":[{"href":"http:\/\/shinyyoustationery.com\/es\/wp-json\/wp\/v2\/types\/product"}],"version-history":[{"count":0,"href":"http:\/\/shinyyoustationery.com\/es\/wp-json\/wp\/v2\/product\/30000\/revisions"}],"wp:featuredmedia":[{"embeddable":true,"href":"http:\/\/shinyyoustationery.com\/es\/wp-json\/wp\/v2\/media\/32981"}],"wp:attachment":[{"href":"http:\/\/shinyyoustationery.com\/es\/wp-json\/wp\/v2\/media?parent=30000"}],"wp:term":[{"taxonomy":"product_brand","embeddable":true,"href":"http:\/\/shinyyoustationery.com\/es\/wp-json\/wp\/v2\/product_brand?post=30000"},{"taxonomy":"product_cat","embeddable":true,"href":"http:\/\/shinyyoustationery.com\/es\/wp-json\/wp\/v2\/product_cat?post=30000"},{"taxonomy":"product_tag","embeddable":true,"href":"http:\/\/shinyyoustationery.com\/es\/wp-json\/wp\/v2\/product_tag?post=30000"}],"curies":[{"name":"wp","href":"https:\/\/api.w.org\/{rel}","templated":true}]}}