{"id":30005,"date":"2025-05-21T02:00:00","date_gmt":"2025-05-21T10:00:00","guid":{"rendered":"http:\/\/45.63.70.205\/?post_type=product&#038;p=30005"},"modified":"2025-06-22T19:12:54","modified_gmt":"2025-06-23T03:12:54","slug":"wholesale-custom-mini-sticky-note-set","status":"publish","type":"product","link":"http:\/\/shinyyoustationery.com\/es\/wholesale-custom-mini-sticky-note-set\/","title":{"rendered":"Mayorista Mini Sticky Note Set"},"content":{"rendered":"","protected":false},"excerpt":{"rendered":"<p>Este compacto y colorido juego de bloc de notas presenta una fresca cubierta verde con un dise\u00f1o floral minimalista. En su interior encontrar\u00e1s una gran variedad de notas adhesivas de diferentes formas y dise\u00f1os, perfectas para recordatorios r\u00e1pidos, marcap\u00e1ginas y para organizar tus pensamientos. Con una mezcla de flores, l\u00edneas y tonos tierra, es ideal para estudiantes, planificadores y amantes de la papeler\u00eda. Lo suficientemente peque\u00f1o como para caber en cualquier bolso o bolsillo.<\/p>","protected":false},"featured_media":33015,"template":"","meta":[],"product_brand":[],"product_cat":[385,681],"product_tag":[],"class_list":{"0":"post-30005","1":"product","2":"type-product","3":"status-publish","4":"has-post-thumbnail","6":"product_cat-sticky-note","7":"product_cat-green-collection","9":"first","10":"instock","11":"shipping-taxable","12":"product-type-simple"},"_links":{"self":[{"href":"http:\/\/shinyyoustationery.com\/es\/wp-json\/wp\/v2\/product\/30005","targetHints":{"allow":["GET"]}}],"collection":[{"href":"http:\/\/shinyyoustationery.com\/es\/wp-json\/wp\/v2\/product"}],"about":[{"href":"http:\/\/shinyyoustationery.com\/es\/wp-json\/wp\/v2\/types\/product"}],"version-history":[{"count":0,"href":"http:\/\/shinyyoustationery.com\/es\/wp-json\/wp\/v2\/product\/30005\/revisions"}],"wp:featuredmedia":[{"embeddable":true,"href":"http:\/\/shinyyoustationery.com\/es\/wp-json\/wp\/v2\/media\/33015"}],"wp:attachment":[{"href":"http:\/\/shinyyoustationery.com\/es\/wp-json\/wp\/v2\/media?parent=30005"}],"wp:term":[{"taxonomy":"product_brand","embeddable":true,"href":"http:\/\/shinyyoustationery.com\/es\/wp-json\/wp\/v2\/product_brand?post=30005"},{"taxonomy":"product_cat","embeddable":true,"href":"http:\/\/shinyyoustationery.com\/es\/wp-json\/wp\/v2\/product_cat?post=30005"},{"taxonomy":"product_tag","embeddable":true,"href":"http:\/\/shinyyoustationery.com\/es\/wp-json\/wp\/v2\/product_tag?post=30005"}],"curies":[{"name":"wp","href":"https:\/\/api.w.org\/{rel}","templated":true}]}}