{"id":30013,"date":"2025-05-21T02:07:41","date_gmt":"2025-05-21T10:07:41","guid":{"rendered":"http:\/\/45.63.70.205\/?post_type=product&#038;p=30013"},"modified":"2025-07-14T00:48:06","modified_gmt":"2025-07-14T08:48:06","slug":"wholesale-custom-lemon-themed-sticky-note-storage-box-set","status":"publish","type":"product","link":"http:\/\/shinyyoustationery.com\/es\/wholesale-custom-lemon-themed-sticky-note-storage-box-set\/","title":{"rendered":"Mayorista Set de Cajas para Notas Adhesivas con Tema de Lim\u00f3n"},"content":{"rendered":"","protected":false},"excerpt":{"rendered":"<p>Alegra tu escritorio con esta divertida caja de notas adhesivas con tem\u00e1tica de lim\u00f3n. Dise\u00f1ado en alegres tonos amarillos y azules, el organizador desplegable incluye notas adhesivas variadas y banderines de varios tama\u00f1os y tonos. Perfecto para recordatorios r\u00e1pidos, organizar agendas o a\u00f1adir un toque de diversi\u00f3n a tu espacio de trabajo. Compacto, colorido y funcional, \u00a1como un chorrito de lim\u00f3n fresco para tu d\u00eda a d\u00eda!<\/p>","protected":false},"featured_media":33109,"template":"","meta":[],"product_brand":[],"product_cat":[385,402,427,516,675,682],"product_tag":[],"class_list":{"0":"post-30013","1":"product","2":"type-product","3":"status-publish","4":"has-post-thumbnail","6":"product_cat-sticky-note","7":"product_cat-desk-organizer-accessories","8":"product_cat-desk-organizer","9":"product_cat-storage-bin-box","10":"product_cat-school-desk-organizer","11":"product_cat-lemon-collection","13":"first","14":"instock","15":"shipping-taxable","16":"product-type-simple"},"_links":{"self":[{"href":"http:\/\/shinyyoustationery.com\/es\/wp-json\/wp\/v2\/product\/30013","targetHints":{"allow":["GET"]}}],"collection":[{"href":"http:\/\/shinyyoustationery.com\/es\/wp-json\/wp\/v2\/product"}],"about":[{"href":"http:\/\/shinyyoustationery.com\/es\/wp-json\/wp\/v2\/types\/product"}],"version-history":[{"count":0,"href":"http:\/\/shinyyoustationery.com\/es\/wp-json\/wp\/v2\/product\/30013\/revisions"}],"wp:featuredmedia":[{"embeddable":true,"href":"http:\/\/shinyyoustationery.com\/es\/wp-json\/wp\/v2\/media\/33109"}],"wp:attachment":[{"href":"http:\/\/shinyyoustationery.com\/es\/wp-json\/wp\/v2\/media?parent=30013"}],"wp:term":[{"taxonomy":"product_brand","embeddable":true,"href":"http:\/\/shinyyoustationery.com\/es\/wp-json\/wp\/v2\/product_brand?post=30013"},{"taxonomy":"product_cat","embeddable":true,"href":"http:\/\/shinyyoustationery.com\/es\/wp-json\/wp\/v2\/product_cat?post=30013"},{"taxonomy":"product_tag","embeddable":true,"href":"http:\/\/shinyyoustationery.com\/es\/wp-json\/wp\/v2\/product_tag?post=30013"}],"curies":[{"name":"wp","href":"https:\/\/api.w.org\/{rel}","templated":true}]}}