{"id":30112,"date":"2025-05-25T21:39:01","date_gmt":"2025-05-26T05:39:01","guid":{"rendered":"http:\/\/45.63.70.205\/?post_type=product&#038;p=30112"},"modified":"2025-06-25T23:25:18","modified_gmt":"2025-06-26T07:25:18","slug":"wholesale-custom-pink-a5-pu-leather-notebook-for-office-school","status":"publish","type":"product","link":"http:\/\/shinyyoustationery.com\/es\/wholesale-custom-pink-a5-pu-leather-notebook-for-office-school\/","title":{"rendered":"Mayorista Cuaderno de cuero PU A5 rosa personalizado para la oficina y la escuela"},"content":{"rendered":"","protected":false},"excerpt":{"rendered":"<p>Este l\u00fadico cuaderno A5 de cuero PU presenta una atrevida cubierta rosa con la palabra \"BLAH\" repetida en un divertido y en\u00e9rgico patr\u00f3n. Perfecto para la oficina, la escuela o el uso personal, este cuaderno ofrece un dise\u00f1o desenfadado y \u00fanico. Su resistente tapa dura garantiza un uso duradero, por lo que es una opci\u00f3n excelente para tomar notas, escribir en un diario u organizar tus pensamientos con un toque de personalidad.<\/p>","protected":false},"featured_media":33630,"template":"","meta":[],"product_brand":[],"product_cat":[387,494,495,667,684],"product_tag":[],"class_list":{"0":"post-30112","1":"product","2":"type-product","3":"status-publish","4":"has-post-thumbnail","6":"product_cat-notebooks-journals","7":"product_cat-composition-notebook","8":"product_cat-exercise-book","9":"product_cat-hardcover-notebook","10":"product_cat-fashion-collection","12":"first","13":"instock","14":"shipping-taxable","15":"product-type-simple"},"_links":{"self":[{"href":"http:\/\/shinyyoustationery.com\/es\/wp-json\/wp\/v2\/product\/30112","targetHints":{"allow":["GET"]}}],"collection":[{"href":"http:\/\/shinyyoustationery.com\/es\/wp-json\/wp\/v2\/product"}],"about":[{"href":"http:\/\/shinyyoustationery.com\/es\/wp-json\/wp\/v2\/types\/product"}],"version-history":[{"count":0,"href":"http:\/\/shinyyoustationery.com\/es\/wp-json\/wp\/v2\/product\/30112\/revisions"}],"wp:featuredmedia":[{"embeddable":true,"href":"http:\/\/shinyyoustationery.com\/es\/wp-json\/wp\/v2\/media\/33630"}],"wp:attachment":[{"href":"http:\/\/shinyyoustationery.com\/es\/wp-json\/wp\/v2\/media?parent=30112"}],"wp:term":[{"taxonomy":"product_brand","embeddable":true,"href":"http:\/\/shinyyoustationery.com\/es\/wp-json\/wp\/v2\/product_brand?post=30112"},{"taxonomy":"product_cat","embeddable":true,"href":"http:\/\/shinyyoustationery.com\/es\/wp-json\/wp\/v2\/product_cat?post=30112"},{"taxonomy":"product_tag","embeddable":true,"href":"http:\/\/shinyyoustationery.com\/es\/wp-json\/wp\/v2\/product_tag?post=30112"}],"curies":[{"name":"wp","href":"https:\/\/api.w.org\/{rel}","templated":true}]}}