{"id":30139,"date":"2025-05-25T23:54:11","date_gmt":"2025-05-26T07:54:11","guid":{"rendered":"http:\/\/45.63.70.205\/?post_type=product&#038;p=30139"},"modified":"2025-07-08T21:18:26","modified_gmt":"2025-07-08T13:18:26","slug":"wholesale-custom-fun-sassy-3-pack-quote-pens","status":"publish","type":"product","link":"http:\/\/shinyyoustationery.com\/es\/wholesale-custom-fun-sassy-3-pack-quote-pens\/","title":{"rendered":"Mayorista Paquete de 3 bol\u00edgrafos con citas Custom Fun Sassy"},"content":{"rendered":"","protected":false},"excerpt":{"rendered":"<p>Este set de tres bol\u00edgrafos con citas a\u00f1ade un toque divertido y atrevido a tu colecci\u00f3n de papeler\u00eda. Con colores vibrantes y citas divertidas como \"BLAH BLAH\", \"SASSY SINCE BIRTH\" y \"GIRLS\", estos bol\u00edgrafos son perfectos para dejar huella mientras escribes. Los detalles dorados y las tapas en forma de coraz\u00f3n a\u00f1aden un toque de estilo y los convierten no s\u00f3lo en funcionales, sino tambi\u00e9n en divertidos accesorios para tu escritorio o estuche. Imprescindibles para quienes adoran un toque de personalidad en sus objetos de uso diario.<\/p>","protected":false},"featured_media":35077,"template":"","meta":[],"product_brand":[],"product_cat":[415,479],"product_tag":[],"class_list":{"0":"post-30139","1":"product","2":"type-product","3":"status-publish","4":"has-post-thumbnail","6":"product_cat-pen","7":"product_cat-ballpoint-pen","9":"first","10":"instock","11":"shipping-taxable","12":"product-type-simple"},"_links":{"self":[{"href":"http:\/\/shinyyoustationery.com\/es\/wp-json\/wp\/v2\/product\/30139","targetHints":{"allow":["GET"]}}],"collection":[{"href":"http:\/\/shinyyoustationery.com\/es\/wp-json\/wp\/v2\/product"}],"about":[{"href":"http:\/\/shinyyoustationery.com\/es\/wp-json\/wp\/v2\/types\/product"}],"version-history":[{"count":0,"href":"http:\/\/shinyyoustationery.com\/es\/wp-json\/wp\/v2\/product\/30139\/revisions"}],"wp:featuredmedia":[{"embeddable":true,"href":"http:\/\/shinyyoustationery.com\/es\/wp-json\/wp\/v2\/media\/35077"}],"wp:attachment":[{"href":"http:\/\/shinyyoustationery.com\/es\/wp-json\/wp\/v2\/media?parent=30139"}],"wp:term":[{"taxonomy":"product_brand","embeddable":true,"href":"http:\/\/shinyyoustationery.com\/es\/wp-json\/wp\/v2\/product_brand?post=30139"},{"taxonomy":"product_cat","embeddable":true,"href":"http:\/\/shinyyoustationery.com\/es\/wp-json\/wp\/v2\/product_cat?post=30139"},{"taxonomy":"product_tag","embeddable":true,"href":"http:\/\/shinyyoustationery.com\/es\/wp-json\/wp\/v2\/product_tag?post=30139"}],"curies":[{"name":"wp","href":"https:\/\/api.w.org\/{rel}","templated":true}]}}