{"id":30144,"date":"2025-05-26T00:17:00","date_gmt":"2025-05-26T08:17:00","guid":{"rendered":"http:\/\/45.63.70.205\/?post_type=product&#038;p=30144"},"modified":"2025-06-26T00:56:47","modified_gmt":"2025-06-26T08:56:47","slug":"wholesale-custom-copper-desk-paper-clip-holder-fashion-office-home-desk-accessory","status":"publish","type":"product","link":"http:\/\/shinyyoustationery.com\/es\/wholesale-custom-copper-desk-paper-clip-holder-fashion-office-home-desk-accessory\/","title":{"rendered":"Mayorista Portaclips de Cobre para Escritorio Accesorio de Escritorio de Moda para la Oficina y el Hogar"},"content":{"rendered":"","protected":false},"excerpt":{"rendered":"<p>Este elegante sujetapapeles de cobre a\u00f1ade un toque de elegancia a cualquier espacio de trabajo de la oficina o el hogar. Su moderno dise\u00f1o en forma de c\u00fapula no s\u00f3lo mantiene organizados los clips, sino que tambi\u00e9n sirve como elegante accesorio de escritorio. El envoltorio transparente permite ver el dise\u00f1o funcional y chic a la vez, lo que lo convierte en una mezcla perfecta de estilo y practicidad. Ideal para mantener el escritorio ordenado y darle un toque de estilo.<\/p>","protected":false},"featured_media":33659,"template":"","meta":[],"product_brand":[],"product_cat":[421,427,684],"product_tag":[],"class_list":{"0":"post-30144","1":"product","2":"type-product","3":"status-publish","4":"has-post-thumbnail","6":"product_cat-paper-clip","7":"product_cat-desk-organizer","8":"product_cat-fashion-collection","10":"first","11":"instock","12":"shipping-taxable","13":"product-type-simple"},"_links":{"self":[{"href":"http:\/\/shinyyoustationery.com\/es\/wp-json\/wp\/v2\/product\/30144","targetHints":{"allow":["GET"]}}],"collection":[{"href":"http:\/\/shinyyoustationery.com\/es\/wp-json\/wp\/v2\/product"}],"about":[{"href":"http:\/\/shinyyoustationery.com\/es\/wp-json\/wp\/v2\/types\/product"}],"version-history":[{"count":0,"href":"http:\/\/shinyyoustationery.com\/es\/wp-json\/wp\/v2\/product\/30144\/revisions"}],"wp:featuredmedia":[{"embeddable":true,"href":"http:\/\/shinyyoustationery.com\/es\/wp-json\/wp\/v2\/media\/33659"}],"wp:attachment":[{"href":"http:\/\/shinyyoustationery.com\/es\/wp-json\/wp\/v2\/media?parent=30144"}],"wp:term":[{"taxonomy":"product_brand","embeddable":true,"href":"http:\/\/shinyyoustationery.com\/es\/wp-json\/wp\/v2\/product_brand?post=30144"},{"taxonomy":"product_cat","embeddable":true,"href":"http:\/\/shinyyoustationery.com\/es\/wp-json\/wp\/v2\/product_cat?post=30144"},{"taxonomy":"product_tag","embeddable":true,"href":"http:\/\/shinyyoustationery.com\/es\/wp-json\/wp\/v2\/product_tag?post=30144"}],"curies":[{"name":"wp","href":"https:\/\/api.w.org\/{rel}","templated":true}]}}