{"id":30178,"date":"2025-05-26T02:19:52","date_gmt":"2025-05-26T10:19:52","guid":{"rendered":"http:\/\/45.63.70.205\/?post_type=product&#038;p=30178"},"modified":"2025-05-26T02:19:52","modified_gmt":"2025-05-26T10:19:52","slug":"custom-poly-envelopes-stylish-and-practical-document-storage","status":"publish","type":"product","link":"http:\/\/shinyyoustationery.com\/es\/custom-poly-envelopes-stylish-and-practical-document-storage\/","title":{"rendered":"Sobres de polietileno personalizados - Almacenamiento de documentos pr\u00e1ctico y con estilo"},"content":{"rendered":"","protected":false},"excerpt":{"rendered":"<p>Nuestros sobres polivalentes personalizados combinan funcionalidad y estilo, y son perfectos para guardar documentos, papeles y art\u00edculos de papeler\u00eda. Con dise\u00f1os de moda como formas geom\u00e9tricas y textos en negrita, estos sobres ofrecen una forma moderna de mantenerse organizado. Estos sobres duraderos y resistentes al agua se pueden personalizar con logotipos, mensajes o dise\u00f1os creativos para adaptarlos a sus necesidades. Ideales para guardar documentos importantes de forma segura y a\u00f1adir un toque de estilo a su colecci\u00f3n de papeler\u00eda.<\/p>","protected":false},"featured_media":30179,"template":"","meta":[],"product_brand":[],"product_cat":[380],"product_tag":[],"class_list":{"0":"post-30178","1":"product","2":"type-product","3":"status-publish","4":"has-post-thumbnail","6":"product_cat-school-stationery","8":"first","9":"instock","10":"shipping-taxable","11":"product-type-simple"},"_links":{"self":[{"href":"http:\/\/shinyyoustationery.com\/es\/wp-json\/wp\/v2\/product\/30178","targetHints":{"allow":["GET"]}}],"collection":[{"href":"http:\/\/shinyyoustationery.com\/es\/wp-json\/wp\/v2\/product"}],"about":[{"href":"http:\/\/shinyyoustationery.com\/es\/wp-json\/wp\/v2\/types\/product"}],"version-history":[{"count":0,"href":"http:\/\/shinyyoustationery.com\/es\/wp-json\/wp\/v2\/product\/30178\/revisions"}],"wp:featuredmedia":[{"embeddable":true,"href":"http:\/\/shinyyoustationery.com\/es\/wp-json\/wp\/v2\/media\/30179"}],"wp:attachment":[{"href":"http:\/\/shinyyoustationery.com\/es\/wp-json\/wp\/v2\/media?parent=30178"}],"wp:term":[{"taxonomy":"product_brand","embeddable":true,"href":"http:\/\/shinyyoustationery.com\/es\/wp-json\/wp\/v2\/product_brand?post=30178"},{"taxonomy":"product_cat","embeddable":true,"href":"http:\/\/shinyyoustationery.com\/es\/wp-json\/wp\/v2\/product_cat?post=30178"},{"taxonomy":"product_tag","embeddable":true,"href":"http:\/\/shinyyoustationery.com\/es\/wp-json\/wp\/v2\/product_tag?post=30178"}],"curies":[{"name":"wp","href":"https:\/\/api.w.org\/{rel}","templated":true}]}}