{"id":30183,"date":"2025-05-26T02:29:08","date_gmt":"2025-05-26T10:29:08","guid":{"rendered":"http:\/\/45.63.70.205\/?post_type=product&#038;p=30183"},"modified":"2025-05-26T02:29:08","modified_gmt":"2025-05-26T10:29:08","slug":"trendy-custom-poly-document-folders","status":"publish","type":"product","link":"http:\/\/shinyyoustationery.com\/es\/trendy-custom-poly-document-folders\/","title":{"rendered":"Carpetas portadocumentos personalizadas"},"content":{"rendered":"","protected":false},"excerpt":{"rendered":"<p>Haga una declaraci\u00f3n de intenciones a la vez que se mantiene organizado con nuestras carpetas portadocumentos de polietileno personalizadas. Con vibrantes dise\u00f1os en blanco y negro como lunares, galones y divertidos esl\u00f3ganes como \"Too Cool for School\", estas carpetas impermeables con cierre de bot\u00f3n son ideales para estudiantes, profesionales y uso promocional. Personal\u00edzalas con tu marca o ilustraci\u00f3n para crear un material de papeler\u00eda elegante y funcional que destaque en cualquier mochila, malet\u00edn o aula. Perfectas para regalos, colecciones de vuelta al cole y material de oficina.<\/p>","protected":false},"featured_media":30184,"template":"","meta":[],"product_brand":[],"product_cat":[438],"product_tag":[],"class_list":{"0":"post-30183","1":"product","2":"type-product","3":"status-publish","4":"has-post-thumbnail","6":"product_cat-document-file-holder","8":"first","9":"instock","10":"shipping-taxable","11":"product-type-simple"},"_links":{"self":[{"href":"http:\/\/shinyyoustationery.com\/es\/wp-json\/wp\/v2\/product\/30183","targetHints":{"allow":["GET"]}}],"collection":[{"href":"http:\/\/shinyyoustationery.com\/es\/wp-json\/wp\/v2\/product"}],"about":[{"href":"http:\/\/shinyyoustationery.com\/es\/wp-json\/wp\/v2\/types\/product"}],"version-history":[{"count":0,"href":"http:\/\/shinyyoustationery.com\/es\/wp-json\/wp\/v2\/product\/30183\/revisions"}],"wp:featuredmedia":[{"embeddable":true,"href":"http:\/\/shinyyoustationery.com\/es\/wp-json\/wp\/v2\/media\/30184"}],"wp:attachment":[{"href":"http:\/\/shinyyoustationery.com\/es\/wp-json\/wp\/v2\/media?parent=30183"}],"wp:term":[{"taxonomy":"product_brand","embeddable":true,"href":"http:\/\/shinyyoustationery.com\/es\/wp-json\/wp\/v2\/product_brand?post=30183"},{"taxonomy":"product_cat","embeddable":true,"href":"http:\/\/shinyyoustationery.com\/es\/wp-json\/wp\/v2\/product_cat?post=30183"},{"taxonomy":"product_tag","embeddable":true,"href":"http:\/\/shinyyoustationery.com\/es\/wp-json\/wp\/v2\/product_tag?post=30183"}],"curies":[{"name":"wp","href":"https:\/\/api.w.org\/{rel}","templated":true}]}}