{"id":30196,"date":"2025-05-26T02:59:06","date_gmt":"2025-05-26T10:59:06","guid":{"rendered":"http:\/\/45.63.70.205\/?post_type=product&#038;p=30196"},"modified":"2025-07-02T19:45:38","modified_gmt":"2025-07-02T11:45:38","slug":"custom-stylish-striped-pencils-8-pack-set","status":"publish","type":"product","link":"http:\/\/shinyyoustationery.com\/es\/custom-stylish-striped-pencils-8-pack-set\/","title":{"rendered":"Juego de 8 l\u00e1pices a rayas con estilo personalizado"},"content":{"rendered":"","protected":false},"excerpt":{"rendered":"<p>A\u00f1ade un toque de sofisticaci\u00f3n a tu escritura con nuestros l\u00e1pices a rayas personalizados. Cada paquete contiene 8 elegantes l\u00e1pices con llamativas rayas blancas y negras, que ofrecen funcionalidad y estilo. Perfectos para estudiantes, profesionales o regalos promocionales, estos l\u00e1pices pueden personalizarse f\u00e1cilmente con su logotipo o mensaje. Tanto si los utiliza para escribir a diario como para proyectos escolares o como un regalo elegante, estos l\u00e1pices causar\u00e1n una buena impresi\u00f3n y ofrecer\u00e1n un rendimiento fiable.<\/p>","protected":false},"featured_media":30215,"template":"","meta":[],"product_brand":[],"product_cat":[415],"product_tag":[],"class_list":{"0":"post-30196","1":"product","2":"type-product","3":"status-publish","4":"has-post-thumbnail","6":"product_cat-pen","8":"first","9":"instock","10":"shipping-taxable","11":"product-type-simple"},"_links":{"self":[{"href":"http:\/\/shinyyoustationery.com\/es\/wp-json\/wp\/v2\/product\/30196","targetHints":{"allow":["GET"]}}],"collection":[{"href":"http:\/\/shinyyoustationery.com\/es\/wp-json\/wp\/v2\/product"}],"about":[{"href":"http:\/\/shinyyoustationery.com\/es\/wp-json\/wp\/v2\/types\/product"}],"version-history":[{"count":0,"href":"http:\/\/shinyyoustationery.com\/es\/wp-json\/wp\/v2\/product\/30196\/revisions"}],"wp:featuredmedia":[{"embeddable":true,"href":"http:\/\/shinyyoustationery.com\/es\/wp-json\/wp\/v2\/media\/30215"}],"wp:attachment":[{"href":"http:\/\/shinyyoustationery.com\/es\/wp-json\/wp\/v2\/media?parent=30196"}],"wp:term":[{"taxonomy":"product_brand","embeddable":true,"href":"http:\/\/shinyyoustationery.com\/es\/wp-json\/wp\/v2\/product_brand?post=30196"},{"taxonomy":"product_cat","embeddable":true,"href":"http:\/\/shinyyoustationery.com\/es\/wp-json\/wp\/v2\/product_cat?post=30196"},{"taxonomy":"product_tag","embeddable":true,"href":"http:\/\/shinyyoustationery.com\/es\/wp-json\/wp\/v2\/product_tag?post=30196"}],"curies":[{"name":"wp","href":"https:\/\/api.w.org\/{rel}","templated":true}]}}