{"id":30205,"date":"2025-05-26T03:18:09","date_gmt":"2025-05-26T11:18:09","guid":{"rendered":"http:\/\/45.63.70.205\/?post_type=product&#038;p=30205"},"modified":"2025-07-07T15:21:02","modified_gmt":"2025-07-07T07:21:02","slug":"custom-stylish-black-and-white-geometric-pencil-case","status":"publish","type":"product","link":"http:\/\/shinyyoustationery.com\/es\/custom-stylish-black-and-white-geometric-pencil-case\/","title":{"rendered":"Estuche geom\u00e9trico blanco y negro con estilo personalizado"},"content":{"rendered":"","protected":false},"excerpt":{"rendered":"<p>Organice su material de escritorio con estilo gracias a nuestro estuche blanco y negro personalizado. Este estuche compacto y moderno presenta un dise\u00f1o \u00fanico de lunares blancos y negros, que ofrece durabilidad y estilo. Perfecto para estudiantes, profesionales y cualquier persona que ame la pulcritud con un toque de estilo, este estuche puede personalizarse con su logotipo o dise\u00f1o. Ideal para guardar bol\u00edgrafos, l\u00e1pices, rotuladores y otros accesorios peque\u00f1os, es el complemento perfecto para su escritorio o mochila. Mantente organizado y a\u00f1ade un toque divertido a tus objetos de uso diario.<\/p>","protected":false},"featured_media":30206,"template":"","meta":[],"product_brand":[],"product_cat":[477,520],"product_tag":[],"class_list":{"0":"post-30205","1":"product","2":"type-product","3":"status-publish","4":"has-post-thumbnail","6":"product_cat-school-bags","7":"product_cat-pencil-case-pouch","9":"first","10":"instock","11":"shipping-taxable","12":"product-type-simple"},"_links":{"self":[{"href":"http:\/\/shinyyoustationery.com\/es\/wp-json\/wp\/v2\/product\/30205","targetHints":{"allow":["GET"]}}],"collection":[{"href":"http:\/\/shinyyoustationery.com\/es\/wp-json\/wp\/v2\/product"}],"about":[{"href":"http:\/\/shinyyoustationery.com\/es\/wp-json\/wp\/v2\/types\/product"}],"version-history":[{"count":0,"href":"http:\/\/shinyyoustationery.com\/es\/wp-json\/wp\/v2\/product\/30205\/revisions"}],"wp:featuredmedia":[{"embeddable":true,"href":"http:\/\/shinyyoustationery.com\/es\/wp-json\/wp\/v2\/media\/30206"}],"wp:attachment":[{"href":"http:\/\/shinyyoustationery.com\/es\/wp-json\/wp\/v2\/media?parent=30205"}],"wp:term":[{"taxonomy":"product_brand","embeddable":true,"href":"http:\/\/shinyyoustationery.com\/es\/wp-json\/wp\/v2\/product_brand?post=30205"},{"taxonomy":"product_cat","embeddable":true,"href":"http:\/\/shinyyoustationery.com\/es\/wp-json\/wp\/v2\/product_cat?post=30205"},{"taxonomy":"product_tag","embeddable":true,"href":"http:\/\/shinyyoustationery.com\/es\/wp-json\/wp\/v2\/product_tag?post=30205"}],"curies":[{"name":"wp","href":"https:\/\/api.w.org\/{rel}","templated":true}]}}