{"id":30208,"date":"2025-05-26T03:23:54","date_gmt":"2025-05-26T11:23:54","guid":{"rendered":"http:\/\/45.63.70.205\/?post_type=product&#038;p=30208"},"modified":"2025-05-26T03:25:00","modified_gmt":"2025-05-26T11:25:00","slug":"custom-office-storage-containers-set-5-pack","status":"publish","type":"product","link":"http:\/\/shinyyoustationery.com\/es\/custom-office-storage-containers-set-5-pack\/","title":{"rendered":"Juego de contenedores de oficina personalizados (Pack de 5 )"},"content":{"rendered":"","protected":false},"excerpt":{"rendered":"<p>Este set de 5 piezas incluye clips, chinchetas, clips para carpetas, gomas el\u00e1sticas y mucho m\u00e1s, todo ello en envases transparentes y apilables. Perfectos para organizar el material de oficina y dar un toque chic a tu escritorio, estos art\u00edculos se presentan en una combinaci\u00f3n de colores blanco y negro que les confiere un aspecto moderno y minimalista. Personal\u00edcelos con su logotipo o dise\u00f1o para crear un producto promocional \u00fanico, o util\u00edcelos como una soluci\u00f3n eficaz y moderna para sus necesidades de oficina. Organ\u00edcese con estilo con este set todo en uno.<\/p>","protected":false},"featured_media":30210,"template":"","meta":[],"product_brand":[],"product_cat":[380],"product_tag":[],"class_list":{"0":"post-30208","1":"product","2":"type-product","3":"status-publish","4":"has-post-thumbnail","6":"product_cat-school-stationery","8":"first","9":"instock","10":"shipping-taxable","11":"product-type-simple"},"_links":{"self":[{"href":"http:\/\/shinyyoustationery.com\/es\/wp-json\/wp\/v2\/product\/30208","targetHints":{"allow":["GET"]}}],"collection":[{"href":"http:\/\/shinyyoustationery.com\/es\/wp-json\/wp\/v2\/product"}],"about":[{"href":"http:\/\/shinyyoustationery.com\/es\/wp-json\/wp\/v2\/types\/product"}],"version-history":[{"count":0,"href":"http:\/\/shinyyoustationery.com\/es\/wp-json\/wp\/v2\/product\/30208\/revisions"}],"wp:featuredmedia":[{"embeddable":true,"href":"http:\/\/shinyyoustationery.com\/es\/wp-json\/wp\/v2\/media\/30210"}],"wp:attachment":[{"href":"http:\/\/shinyyoustationery.com\/es\/wp-json\/wp\/v2\/media?parent=30208"}],"wp:term":[{"taxonomy":"product_brand","embeddable":true,"href":"http:\/\/shinyyoustationery.com\/es\/wp-json\/wp\/v2\/product_brand?post=30208"},{"taxonomy":"product_cat","embeddable":true,"href":"http:\/\/shinyyoustationery.com\/es\/wp-json\/wp\/v2\/product_cat?post=30208"},{"taxonomy":"product_tag","embeddable":true,"href":"http:\/\/shinyyoustationery.com\/es\/wp-json\/wp\/v2\/product_tag?post=30208"}],"curies":[{"name":"wp","href":"https:\/\/api.w.org\/{rel}","templated":true}]}}