{"id":32971,"date":"2025-06-20T02:52:05","date_gmt":"2025-06-20T10:52:05","guid":{"rendered":"http:\/\/45.63.70.205\/?post_type=product&#038;p=32971"},"modified":"2025-06-20T03:00:25","modified_gmt":"2025-06-20T11:00:25","slug":"wholesale-custom-a5-weekly-planner-notebook-with-green-floral-design","status":"publish","type":"product","link":"http:\/\/shinyyoustationery.com\/es\/wholesale-custom-a5-weekly-planner-notebook-with-green-floral-design\/","title":{"rendered":"Mayorista Cuaderno semanal personalizado A5 con dise\u00f1o floral verde"},"content":{"rendered":"","protected":false},"excerpt":{"rendered":"<p>Organ\u00edcese con esta sencilla y elegante agenda semanal. Con un dise\u00f1o limpio para cada d\u00eda de la semana, es perfecta para planificar tus tareas y citas. La cubierta verde con un delicado dise\u00f1o floral a\u00f1ade un refrescante toque de naturaleza a su espacio de trabajo. Compacta y f\u00e1cil de transportar, esta agenda te ayuda a controlar tu agenda con estilo. Perfecta para cualquier persona a la que le guste planificar con un dise\u00f1o minimalista pero encantador.<\/p>","protected":false},"featured_media":32973,"template":"","meta":[],"product_brand":[],"product_cat":[669,681],"product_tag":[],"class_list":{"0":"post-32971","1":"product","2":"type-product","3":"status-publish","4":"has-post-thumbnail","6":"product_cat-planners","7":"product_cat-green-collection","9":"first","10":"instock","11":"shipping-taxable","12":"product-type-simple"},"_links":{"self":[{"href":"http:\/\/shinyyoustationery.com\/es\/wp-json\/wp\/v2\/product\/32971","targetHints":{"allow":["GET"]}}],"collection":[{"href":"http:\/\/shinyyoustationery.com\/es\/wp-json\/wp\/v2\/product"}],"about":[{"href":"http:\/\/shinyyoustationery.com\/es\/wp-json\/wp\/v2\/types\/product"}],"version-history":[{"count":0,"href":"http:\/\/shinyyoustationery.com\/es\/wp-json\/wp\/v2\/product\/32971\/revisions"}],"wp:featuredmedia":[{"embeddable":true,"href":"http:\/\/shinyyoustationery.com\/es\/wp-json\/wp\/v2\/media\/32973"}],"wp:attachment":[{"href":"http:\/\/shinyyoustationery.com\/es\/wp-json\/wp\/v2\/media?parent=32971"}],"wp:term":[{"taxonomy":"product_brand","embeddable":true,"href":"http:\/\/shinyyoustationery.com\/es\/wp-json\/wp\/v2\/product_brand?post=32971"},{"taxonomy":"product_cat","embeddable":true,"href":"http:\/\/shinyyoustationery.com\/es\/wp-json\/wp\/v2\/product_cat?post=32971"},{"taxonomy":"product_tag","embeddable":true,"href":"http:\/\/shinyyoustationery.com\/es\/wp-json\/wp\/v2\/product_tag?post=32971"}],"curies":[{"name":"wp","href":"https:\/\/api.w.org\/{rel}","templated":true}]}}