{"id":33052,"date":"2025-06-22T22:25:00","date_gmt":"2025-06-23T06:25:00","guid":{"rendered":"http:\/\/45.63.70.205\/?post_type=product&#038;p=33052"},"modified":"2025-07-07T15:16:58","modified_gmt":"2025-07-07T07:16:58","slug":"wholesale-custom-floral-green-insulated-lunch-bag-chic-and-eco-friendly","status":"publish","type":"product","link":"http:\/\/shinyyoustationery.com\/es\/wholesale-custom-floral-green-insulated-lunch-bag-chic-and-eco-friendly\/","title":{"rendered":"Mayorista Bolsa Floral Verde Aislante para el Almuerzo - Chic y Ecol\u00f3gica"},"content":{"rendered":"","protected":false},"excerpt":{"rendered":"<p>Esta encantadora bolsa verde para el almuerzo tiene un bonito dise\u00f1o de flores y ofrece una combinaci\u00f3n perfecta de estilo y funcionalidad. La bolsa est\u00e1 aislada para mantener tus comidas frescas, tanto si vas al trabajo como al colegio o de picnic. Su tama\u00f1o compacto, su material resistente y su pr\u00e1ctico cierre de cremallera la hacen pr\u00e1ctica y moderna. El dise\u00f1o floral, sencillo pero moderno, a\u00f1ade un toque de naturaleza a su d\u00eda, mientras que el asa resistente facilita su transporte. Una gran elecci\u00f3n para quienes desean a\u00f1adir un toque de color y personalidad a su almuerzo diario.<\/p>","protected":false},"featured_media":33055,"template":"","meta":[],"product_brand":[],"product_cat":[681,477,536],"product_tag":[],"class_list":{"0":"post-33052","1":"product","2":"type-product","3":"status-publish","4":"has-post-thumbnail","6":"product_cat-green-collection","7":"product_cat-school-bags","8":"product_cat-lunch-bag-box","10":"first","11":"instock","12":"shipping-taxable","13":"product-type-simple"},"_links":{"self":[{"href":"http:\/\/shinyyoustationery.com\/es\/wp-json\/wp\/v2\/product\/33052","targetHints":{"allow":["GET"]}}],"collection":[{"href":"http:\/\/shinyyoustationery.com\/es\/wp-json\/wp\/v2\/product"}],"about":[{"href":"http:\/\/shinyyoustationery.com\/es\/wp-json\/wp\/v2\/types\/product"}],"version-history":[{"count":0,"href":"http:\/\/shinyyoustationery.com\/es\/wp-json\/wp\/v2\/product\/33052\/revisions"}],"wp:featuredmedia":[{"embeddable":true,"href":"http:\/\/shinyyoustationery.com\/es\/wp-json\/wp\/v2\/media\/33055"}],"wp:attachment":[{"href":"http:\/\/shinyyoustationery.com\/es\/wp-json\/wp\/v2\/media?parent=33052"}],"wp:term":[{"taxonomy":"product_brand","embeddable":true,"href":"http:\/\/shinyyoustationery.com\/es\/wp-json\/wp\/v2\/product_brand?post=33052"},{"taxonomy":"product_cat","embeddable":true,"href":"http:\/\/shinyyoustationery.com\/es\/wp-json\/wp\/v2\/product_cat?post=33052"},{"taxonomy":"product_tag","embeddable":true,"href":"http:\/\/shinyyoustationery.com\/es\/wp-json\/wp\/v2\/product_tag?post=33052"}],"curies":[{"name":"wp","href":"https:\/\/api.w.org\/{rel}","templated":true}]}}