{"id":33141,"date":"2025-06-23T02:15:38","date_gmt":"2025-06-23T10:15:38","guid":{"rendered":"http:\/\/45.63.70.205\/?post_type=product&#038;p=33141"},"modified":"2025-06-23T02:15:38","modified_gmt":"2025-06-23T10:15:38","slug":"wholesale-custom-a5-softcover-notebook-for-journaling-note-taking-everyday-writing","status":"publish","type":"product","link":"http:\/\/shinyyoustationery.com\/es\/wholesale-custom-a5-softcover-notebook-for-journaling-note-taking-everyday-writing\/","title":{"rendered":"Mayorista Cuaderno de tapas blandas A5 personalizado para escribir, tomar notas y anotaciones cotidianas"},"content":{"rendered":"","protected":false},"excerpt":{"rendered":"<p>Impulsa tus grandes ideas con este audaz y vibrante cuaderno A5 de tapa blanda. Con una alegre portada inspirada en el lim\u00f3n y la frase motivadora \"Piensa a lo grande, escribe a lo grande\", es perfecto para capturar notas, pensamientos, bocetos o planes. Su tama\u00f1o compacto lo hace ideal para llevarlo en el bolso, ya sea para ir a clase, a una reuni\u00f3n o a tu cafeter\u00eda favorita.<\/p>","protected":false},"featured_media":33142,"template":"","meta":[],"product_brand":[],"product_cat":[682,668],"product_tag":[],"class_list":{"0":"post-33141","1":"product","2":"type-product","3":"status-publish","4":"has-post-thumbnail","6":"product_cat-lemon-collection","7":"product_cat-softcover-notebook","9":"first","10":"instock","11":"shipping-taxable","12":"product-type-simple"},"_links":{"self":[{"href":"http:\/\/shinyyoustationery.com\/es\/wp-json\/wp\/v2\/product\/33141","targetHints":{"allow":["GET"]}}],"collection":[{"href":"http:\/\/shinyyoustationery.com\/es\/wp-json\/wp\/v2\/product"}],"about":[{"href":"http:\/\/shinyyoustationery.com\/es\/wp-json\/wp\/v2\/types\/product"}],"version-history":[{"count":0,"href":"http:\/\/shinyyoustationery.com\/es\/wp-json\/wp\/v2\/product\/33141\/revisions"}],"wp:featuredmedia":[{"embeddable":true,"href":"http:\/\/shinyyoustationery.com\/es\/wp-json\/wp\/v2\/media\/33142"}],"wp:attachment":[{"href":"http:\/\/shinyyoustationery.com\/es\/wp-json\/wp\/v2\/media?parent=33141"}],"wp:term":[{"taxonomy":"product_brand","embeddable":true,"href":"http:\/\/shinyyoustationery.com\/es\/wp-json\/wp\/v2\/product_brand?post=33141"},{"taxonomy":"product_cat","embeddable":true,"href":"http:\/\/shinyyoustationery.com\/es\/wp-json\/wp\/v2\/product_cat?post=33141"},{"taxonomy":"product_tag","embeddable":true,"href":"http:\/\/shinyyoustationery.com\/es\/wp-json\/wp\/v2\/product_tag?post=33141"}],"curies":[{"name":"wp","href":"https:\/\/api.w.org\/{rel}","templated":true}]}}