{"id":33152,"date":"2025-06-23T02:35:34","date_gmt":"2025-06-23T10:35:34","guid":{"rendered":"http:\/\/45.63.70.205\/?post_type=product&#038;p=33152"},"modified":"2025-06-23T02:35:34","modified_gmt":"2025-06-23T10:35:34","slug":"wholesale-custom-a5-pu-hardcover-notebook-with-lemon-print-for-journaling-school-or-everyday-notes","status":"publish","type":"product","link":"http:\/\/shinyyoustationery.com\/es\/wholesale-custom-a5-pu-hardcover-notebook-with-lemon-print-for-journaling-school-or-everyday-notes\/","title":{"rendered":"Mayorista Cuaderno de tapas duras de PU A5 con estampado de limones para escribir un diario, para la escuela o para notas cotidianas"},"content":{"rendered":"","protected":false},"excerpt":{"rendered":"<p>Brillante, atrevido y con una bonita encuadernaci\u00f3n, este cuaderno A5 de PU de tapa dura presenta un alegre estampado de limones y una segura correa de cierre a presi\u00f3n. Con su cubierta resistente y su tama\u00f1o port\u00e1til, es perfecto para apuntar ideas, notas de clase, reflexiones diarias o listas de tareas. Un compa\u00f1ero fresco y elegante para tu escritorio, bolso o mochila.<\/p>","protected":false},"featured_media":33153,"template":"","meta":[],"product_brand":[],"product_cat":[667],"product_tag":[],"class_list":{"0":"post-33152","1":"product","2":"type-product","3":"status-publish","4":"has-post-thumbnail","6":"product_cat-hardcover-notebook","8":"first","9":"instock","10":"shipping-taxable","11":"product-type-simple"},"_links":{"self":[{"href":"http:\/\/shinyyoustationery.com\/es\/wp-json\/wp\/v2\/product\/33152","targetHints":{"allow":["GET"]}}],"collection":[{"href":"http:\/\/shinyyoustationery.com\/es\/wp-json\/wp\/v2\/product"}],"about":[{"href":"http:\/\/shinyyoustationery.com\/es\/wp-json\/wp\/v2\/types\/product"}],"version-history":[{"count":0,"href":"http:\/\/shinyyoustationery.com\/es\/wp-json\/wp\/v2\/product\/33152\/revisions"}],"wp:featuredmedia":[{"embeddable":true,"href":"http:\/\/shinyyoustationery.com\/es\/wp-json\/wp\/v2\/media\/33153"}],"wp:attachment":[{"href":"http:\/\/shinyyoustationery.com\/es\/wp-json\/wp\/v2\/media?parent=33152"}],"wp:term":[{"taxonomy":"product_brand","embeddable":true,"href":"http:\/\/shinyyoustationery.com\/es\/wp-json\/wp\/v2\/product_brand?post=33152"},{"taxonomy":"product_cat","embeddable":true,"href":"http:\/\/shinyyoustationery.com\/es\/wp-json\/wp\/v2\/product_cat?post=33152"},{"taxonomy":"product_tag","embeddable":true,"href":"http:\/\/shinyyoustationery.com\/es\/wp-json\/wp\/v2\/product_tag?post=33152"}],"curies":[{"name":"wp","href":"https:\/\/api.w.org\/{rel}","templated":true}]}}