{"id":33156,"date":"2025-06-23T02:47:26","date_gmt":"2025-06-23T10:47:26","guid":{"rendered":"http:\/\/45.63.70.205\/?post_type=product&#038;p=33156"},"modified":"2025-06-23T02:47:26","modified_gmt":"2025-06-23T10:47:26","slug":"wholesale-custom-a6-lemon-shaped-spiral-notebook-fun-for-quick-notes-at-school-office","status":"publish","type":"product","link":"http:\/\/shinyyoustationery.com\/es\/wholesale-custom-a6-lemon-shaped-spiral-notebook-fun-for-quick-notes-at-school-office\/","title":{"rendered":"Mayorista Cuaderno de espiral personalizado A6 con forma de lim\u00f3n - Divertido para tomar notas r\u00e1pidas en la escuela y la oficina"},"content":{"rendered":"","protected":false},"excerpt":{"rendered":"<p>A\u00f1ade un toque picante a tus notas con este divertido cuaderno A6 con forma de lim\u00f3n. Compacto y ligero, es perfecto para apuntar pensamientos r\u00e1pidos, recordatorios o ideas creativas est\u00e9s donde est\u00e9s. Con su dise\u00f1o brillante y sus p\u00e1ginas f\u00e1ciles de pasar, es un compa\u00f1ero alegre para ni\u00f1os, estudiantes o cualquier persona a la que le gusten los art\u00edculos de papeler\u00eda \u00fanicos.<\/p>","protected":false},"featured_media":33157,"template":"","meta":[],"product_brand":[],"product_cat":[493,668],"product_tag":[],"class_list":{"0":"post-33156","1":"product","2":"type-product","3":"status-publish","4":"has-post-thumbnail","6":"product_cat-spiral-notebook","7":"product_cat-softcover-notebook","9":"first","10":"instock","11":"shipping-taxable","12":"product-type-simple"},"_links":{"self":[{"href":"http:\/\/shinyyoustationery.com\/es\/wp-json\/wp\/v2\/product\/33156","targetHints":{"allow":["GET"]}}],"collection":[{"href":"http:\/\/shinyyoustationery.com\/es\/wp-json\/wp\/v2\/product"}],"about":[{"href":"http:\/\/shinyyoustationery.com\/es\/wp-json\/wp\/v2\/types\/product"}],"version-history":[{"count":0,"href":"http:\/\/shinyyoustationery.com\/es\/wp-json\/wp\/v2\/product\/33156\/revisions"}],"wp:featuredmedia":[{"embeddable":true,"href":"http:\/\/shinyyoustationery.com\/es\/wp-json\/wp\/v2\/media\/33157"}],"wp:attachment":[{"href":"http:\/\/shinyyoustationery.com\/es\/wp-json\/wp\/v2\/media?parent=33156"}],"wp:term":[{"taxonomy":"product_brand","embeddable":true,"href":"http:\/\/shinyyoustationery.com\/es\/wp-json\/wp\/v2\/product_brand?post=33156"},{"taxonomy":"product_cat","embeddable":true,"href":"http:\/\/shinyyoustationery.com\/es\/wp-json\/wp\/v2\/product_cat?post=33156"},{"taxonomy":"product_tag","embeddable":true,"href":"http:\/\/shinyyoustationery.com\/es\/wp-json\/wp\/v2\/product_tag?post=33156"}],"curies":[{"name":"wp","href":"https:\/\/api.w.org\/{rel}","templated":true}]}}