{"id":33193,"date":"2025-06-23T17:55:38","date_gmt":"2025-06-24T01:55:38","guid":{"rendered":"http:\/\/45.63.70.205\/?post_type=product&#038;p=33193"},"modified":"2025-06-23T17:55:38","modified_gmt":"2025-06-24T01:55:38","slug":"wholesale-custom-a5-pu-hardcover-notebook-for-work-study-or-personal-goals","status":"publish","type":"product","link":"http:\/\/shinyyoustationery.com\/es\/wholesale-custom-a5-pu-hardcover-notebook-for-work-study-or-personal-goals\/","title":{"rendered":"Mayorista Cuaderno personalizado A5 PU de tapa dura para trabajo, estudio o metas personales"},"content":{"rendered":"","protected":false},"excerpt":{"rendered":"<p>Ad\u00e9ntrate en el futuro con este elegante cuaderno A5 de PU y tapa dura, con el inspirador mensaje \"Escribiendo el futuro\" en letras llamativas. El vibrante colgante en forma de lim\u00f3n y el cierre el\u00e1stico en turquesa a\u00f1aden un toque fresco de color a tus apuntes diarios. Este cuaderno es perfecto para escribir en \u00e9l, organizar tus pensamientos o establecer objetivos personales, y es ideal para el colegio, el trabajo o el uso personal.<\/p>","protected":false},"featured_media":33194,"template":"","meta":[],"product_brand":[],"product_cat":[667,682],"product_tag":[],"class_list":{"0":"post-33193","1":"product","2":"type-product","3":"status-publish","4":"has-post-thumbnail","6":"product_cat-hardcover-notebook","7":"product_cat-lemon-collection","9":"first","10":"instock","11":"shipping-taxable","12":"product-type-simple"},"_links":{"self":[{"href":"http:\/\/shinyyoustationery.com\/es\/wp-json\/wp\/v2\/product\/33193","targetHints":{"allow":["GET"]}}],"collection":[{"href":"http:\/\/shinyyoustationery.com\/es\/wp-json\/wp\/v2\/product"}],"about":[{"href":"http:\/\/shinyyoustationery.com\/es\/wp-json\/wp\/v2\/types\/product"}],"version-history":[{"count":0,"href":"http:\/\/shinyyoustationery.com\/es\/wp-json\/wp\/v2\/product\/33193\/revisions"}],"wp:featuredmedia":[{"embeddable":true,"href":"http:\/\/shinyyoustationery.com\/es\/wp-json\/wp\/v2\/media\/33194"}],"wp:attachment":[{"href":"http:\/\/shinyyoustationery.com\/es\/wp-json\/wp\/v2\/media?parent=33193"}],"wp:term":[{"taxonomy":"product_brand","embeddable":true,"href":"http:\/\/shinyyoustationery.com\/es\/wp-json\/wp\/v2\/product_brand?post=33193"},{"taxonomy":"product_cat","embeddable":true,"href":"http:\/\/shinyyoustationery.com\/es\/wp-json\/wp\/v2\/product_cat?post=33193"},{"taxonomy":"product_tag","embeddable":true,"href":"http:\/\/shinyyoustationery.com\/es\/wp-json\/wp\/v2\/product_tag?post=33193"}],"curies":[{"name":"wp","href":"https:\/\/api.w.org\/{rel}","templated":true}]}}