{"id":33198,"date":"2025-06-23T18:03:29","date_gmt":"2025-06-24T02:03:29","guid":{"rendered":"http:\/\/45.63.70.205\/?post_type=product&#038;p=33198"},"modified":"2025-06-23T18:03:29","modified_gmt":"2025-06-24T02:03:29","slug":"wholesale-custom-a5-spiral-notebook-for-school-work-or-creative-journaling","status":"publish","type":"product","link":"http:\/\/shinyyoustationery.com\/es\/wholesale-custom-a5-spiral-notebook-for-school-work-or-creative-journaling\/","title":{"rendered":"Mayorista Cuaderno de espiral A5 personalizado para la escuela, el trabajo o el diario creativo"},"content":{"rendered":"","protected":false},"excerpt":{"rendered":"<p>Alegra tu escritura con este divertido cuaderno de espiral A5 con un llamativo dise\u00f1o de un lim\u00f3n sobre un refrescante fondo azul. Su exclusivo borde en forma de lim\u00f3n y su resistente encuadernaci\u00f3n en espiral lo hacen perfecto para el colegio, el trabajo o el diario personal. Ya sea para tomar notas, hacer listas de tareas o plasmar ideas creativas, este cuaderno a\u00f1ade un toque de color y creatividad a tu escritorio.<\/p>","protected":false},"featured_media":33199,"template":"","meta":[],"product_brand":[],"product_cat":[682,493],"product_tag":[],"class_list":{"0":"post-33198","1":"product","2":"type-product","3":"status-publish","4":"has-post-thumbnail","6":"product_cat-lemon-collection","7":"product_cat-spiral-notebook","9":"first","10":"instock","11":"shipping-taxable","12":"product-type-simple"},"_links":{"self":[{"href":"http:\/\/shinyyoustationery.com\/es\/wp-json\/wp\/v2\/product\/33198","targetHints":{"allow":["GET"]}}],"collection":[{"href":"http:\/\/shinyyoustationery.com\/es\/wp-json\/wp\/v2\/product"}],"about":[{"href":"http:\/\/shinyyoustationery.com\/es\/wp-json\/wp\/v2\/types\/product"}],"version-history":[{"count":0,"href":"http:\/\/shinyyoustationery.com\/es\/wp-json\/wp\/v2\/product\/33198\/revisions"}],"wp:featuredmedia":[{"embeddable":true,"href":"http:\/\/shinyyoustationery.com\/es\/wp-json\/wp\/v2\/media\/33199"}],"wp:attachment":[{"href":"http:\/\/shinyyoustationery.com\/es\/wp-json\/wp\/v2\/media?parent=33198"}],"wp:term":[{"taxonomy":"product_brand","embeddable":true,"href":"http:\/\/shinyyoustationery.com\/es\/wp-json\/wp\/v2\/product_brand?post=33198"},{"taxonomy":"product_cat","embeddable":true,"href":"http:\/\/shinyyoustationery.com\/es\/wp-json\/wp\/v2\/product_cat?post=33198"},{"taxonomy":"product_tag","embeddable":true,"href":"http:\/\/shinyyoustationery.com\/es\/wp-json\/wp\/v2\/product_tag?post=33198"}],"curies":[{"name":"wp","href":"https:\/\/api.w.org\/{rel}","templated":true}]}}