{"id":33220,"date":"2025-06-23T19:06:47","date_gmt":"2025-06-24T03:06:47","guid":{"rendered":"http:\/\/45.63.70.205\/?post_type=product&#038;p=33220"},"modified":"2025-07-07T15:31:16","modified_gmt":"2025-07-07T07:31:16","slug":"wholesale-custom-lemon-yellow-fun-triangle-shaped-fashion-bag","status":"publish","type":"product","link":"http:\/\/shinyyoustationery.com\/es\/wholesale-custom-lemon-yellow-fun-triangle-shaped-fashion-bag\/","title":{"rendered":"Mayorista Bolsa de Moda en Forma de Tri\u00e1ngulo Personalizada Amarillo Lim\u00f3n"},"content":{"rendered":"","protected":false},"excerpt":{"rendered":"<p>Alegra tu d\u00eda con este exclusivo bolso de moda en forma de tri\u00e1ngulo de color amarillo lim\u00f3n. Con su color atrevido y fresco, este bolso es perfecto para a\u00f1adir un toque alegre a cualquier conjunto. Con un dise\u00f1o elegante y un pr\u00e1ctico cierre de cremallera, es ideal para llevar tus b\u00e1sicos con estilo. Tanto si vas a pasar un d\u00eda informal como si simplemente quieres un accesorio divertido, este bolso amarillo lim\u00f3n no pasar\u00e1 desapercibido.<\/p>","protected":false},"featured_media":33221,"template":"","meta":[],"product_brand":[],"product_cat":[682,533,537],"product_tag":[],"class_list":{"0":"post-33220","1":"product","2":"type-product","3":"status-publish","4":"has-post-thumbnail","6":"product_cat-lemon-collection","7":"product_cat-organizer-bag","8":"product_cat-cosmetic-bag","10":"first","11":"instock","12":"shipping-taxable","13":"product-type-simple"},"_links":{"self":[{"href":"http:\/\/shinyyoustationery.com\/es\/wp-json\/wp\/v2\/product\/33220","targetHints":{"allow":["GET"]}}],"collection":[{"href":"http:\/\/shinyyoustationery.com\/es\/wp-json\/wp\/v2\/product"}],"about":[{"href":"http:\/\/shinyyoustationery.com\/es\/wp-json\/wp\/v2\/types\/product"}],"version-history":[{"count":0,"href":"http:\/\/shinyyoustationery.com\/es\/wp-json\/wp\/v2\/product\/33220\/revisions"}],"wp:featuredmedia":[{"embeddable":true,"href":"http:\/\/shinyyoustationery.com\/es\/wp-json\/wp\/v2\/media\/33221"}],"wp:attachment":[{"href":"http:\/\/shinyyoustationery.com\/es\/wp-json\/wp\/v2\/media?parent=33220"}],"wp:term":[{"taxonomy":"product_brand","embeddable":true,"href":"http:\/\/shinyyoustationery.com\/es\/wp-json\/wp\/v2\/product_brand?post=33220"},{"taxonomy":"product_cat","embeddable":true,"href":"http:\/\/shinyyoustationery.com\/es\/wp-json\/wp\/v2\/product_cat?post=33220"},{"taxonomy":"product_tag","embeddable":true,"href":"http:\/\/shinyyoustationery.com\/es\/wp-json\/wp\/v2\/product_tag?post=33220"}],"curies":[{"name":"wp","href":"https:\/\/api.w.org\/{rel}","templated":true}]}}