{"id":33229,"date":"2025-06-23T21:13:25","date_gmt":"2025-06-24T05:13:25","guid":{"rendered":"http:\/\/45.63.70.205\/?post_type=product&#038;p=33229"},"modified":"2025-07-07T15:20:33","modified_gmt":"2025-07-07T07:20:33","slug":"wholesale-custom-lemon-print-pencil-case-fun-and-practical-for-school-or-office","status":"publish","type":"product","link":"http:\/\/shinyyoustationery.com\/es\/wholesale-custom-lemon-print-pencil-case-fun-and-practical-for-school-or-office\/","title":{"rendered":"Mayorista Estuche Personalizado con Estampado de Lim\u00f3n Divertido y Pr\u00e1ctico para el Colegio o la Oficina"},"content":{"rendered":"","protected":false},"excerpt":{"rendered":"<p>Este vibrante estuche con estampado de lim\u00f3n aporta un toque de color a tus objetos de uso diario. Con su refrescante color turquesa y su alegre estampado de limones amarillos, este estuche es a la vez elegante y funcional. El espacioso interior permite guardar bol\u00edgrafos, l\u00e1pices y otros objetos peque\u00f1os de forma segura. Perfecto para el colegio, el trabajo o los viajes, este bonito estuche a\u00f1ade un toque alegre a su organizaci\u00f3n.<\/p>","protected":false},"featured_media":33230,"template":"","meta":[],"product_brand":[],"product_cat":[682,477,520],"product_tag":[],"class_list":{"0":"post-33229","1":"product","2":"type-product","3":"status-publish","4":"has-post-thumbnail","6":"product_cat-lemon-collection","7":"product_cat-school-bags","8":"product_cat-pencil-case-pouch","10":"first","11":"instock","12":"shipping-taxable","13":"product-type-simple"},"_links":{"self":[{"href":"http:\/\/shinyyoustationery.com\/es\/wp-json\/wp\/v2\/product\/33229","targetHints":{"allow":["GET"]}}],"collection":[{"href":"http:\/\/shinyyoustationery.com\/es\/wp-json\/wp\/v2\/product"}],"about":[{"href":"http:\/\/shinyyoustationery.com\/es\/wp-json\/wp\/v2\/types\/product"}],"version-history":[{"count":0,"href":"http:\/\/shinyyoustationery.com\/es\/wp-json\/wp\/v2\/product\/33229\/revisions"}],"wp:featuredmedia":[{"embeddable":true,"href":"http:\/\/shinyyoustationery.com\/es\/wp-json\/wp\/v2\/media\/33230"}],"wp:attachment":[{"href":"http:\/\/shinyyoustationery.com\/es\/wp-json\/wp\/v2\/media?parent=33229"}],"wp:term":[{"taxonomy":"product_brand","embeddable":true,"href":"http:\/\/shinyyoustationery.com\/es\/wp-json\/wp\/v2\/product_brand?post=33229"},{"taxonomy":"product_cat","embeddable":true,"href":"http:\/\/shinyyoustationery.com\/es\/wp-json\/wp\/v2\/product_cat?post=33229"},{"taxonomy":"product_tag","embeddable":true,"href":"http:\/\/shinyyoustationery.com\/es\/wp-json\/wp\/v2\/product_tag?post=33229"}],"curies":[{"name":"wp","href":"https:\/\/api.w.org\/{rel}","templated":true}]}}