{"id":33245,"date":"2025-06-23T22:05:21","date_gmt":"2025-06-24T06:05:21","guid":{"rendered":"http:\/\/45.63.70.205\/?post_type=product&#038;p=33245"},"modified":"2025-07-02T19:45:07","modified_gmt":"2025-07-02T11:45:07","slug":"wholesale-custom-lemon-pencil-stationery-set-of-vibrant-pencils-for-school-or-office","status":"publish","type":"product","link":"http:\/\/shinyyoustationery.com\/es\/wholesale-custom-lemon-pencil-stationery-set-of-vibrant-pencils-for-school-or-office\/","title":{"rendered":"Mayorista Juego de L\u00e1pices de Colores Vibrantes para el Colegio o la Oficina"},"content":{"rendered":"","protected":false},"excerpt":{"rendered":"<p>A\u00f1ade un toque de color a tu escritura con este juego de l\u00e1pices de 4 a 6 unidades, con suaves tonos pastel en amarillo, verde y gris. Presentados en una bonita caja con tem\u00e1tica de lim\u00f3n, estos l\u00e1pices son perfectos para el colegio, el trabajo o los proyectos creativos. Ya sea para dibujar, escribir o tomar notas, este juego ofrece estilo y funcionalidad.<\/p>","protected":false},"featured_media":33246,"template":"","meta":[],"product_brand":[],"product_cat":[682,331,415,416],"product_tag":[],"class_list":{"0":"post-33245","1":"product","2":"type-product","3":"status-publish","4":"has-post-thumbnail","6":"product_cat-lemon-collection","7":"product_cat-stationery-set","8":"product_cat-pen","9":"product_cat-pencil","11":"first","12":"instock","13":"shipping-taxable","14":"product-type-simple"},"_links":{"self":[{"href":"http:\/\/shinyyoustationery.com\/es\/wp-json\/wp\/v2\/product\/33245","targetHints":{"allow":["GET"]}}],"collection":[{"href":"http:\/\/shinyyoustationery.com\/es\/wp-json\/wp\/v2\/product"}],"about":[{"href":"http:\/\/shinyyoustationery.com\/es\/wp-json\/wp\/v2\/types\/product"}],"version-history":[{"count":0,"href":"http:\/\/shinyyoustationery.com\/es\/wp-json\/wp\/v2\/product\/33245\/revisions"}],"wp:featuredmedia":[{"embeddable":true,"href":"http:\/\/shinyyoustationery.com\/es\/wp-json\/wp\/v2\/media\/33246"}],"wp:attachment":[{"href":"http:\/\/shinyyoustationery.com\/es\/wp-json\/wp\/v2\/media?parent=33245"}],"wp:term":[{"taxonomy":"product_brand","embeddable":true,"href":"http:\/\/shinyyoustationery.com\/es\/wp-json\/wp\/v2\/product_brand?post=33245"},{"taxonomy":"product_cat","embeddable":true,"href":"http:\/\/shinyyoustationery.com\/es\/wp-json\/wp\/v2\/product_cat?post=33245"},{"taxonomy":"product_tag","embeddable":true,"href":"http:\/\/shinyyoustationery.com\/es\/wp-json\/wp\/v2\/product_tag?post=33245"}],"curies":[{"name":"wp","href":"https:\/\/api.w.org\/{rel}","templated":true}]}}