{"id":33249,"date":"2025-06-23T22:11:09","date_gmt":"2025-06-24T06:11:09","guid":{"rendered":"http:\/\/45.63.70.205\/?post_type=product&#038;p=33249"},"modified":"2025-07-28T21:44:18","modified_gmt":"2025-07-29T05:44:18","slug":"wholesale-custom-lemon-scissors-and-tape-set-stylish-and-practical-for-school-or-office","status":"publish","type":"product","link":"http:\/\/shinyyoustationery.com\/es\/wholesale-custom-lemon-scissors-and-tape-set-stylish-and-practical-for-school-or-office\/","title":{"rendered":"Mayorista Set de Tijeras y Cintas de Lim\u00f3n Personalizadas Elegante y Pr\u00e1ctico para la Escuela o la Oficina"},"content":{"rendered":"","protected":false},"excerpt":{"rendered":"<p>Corta con estilo con este vibrante set de tijeras y cinta adhesiva. Las tijeras tienen un alegre mango amarillo con un dise\u00f1o de lim\u00f3n, mientras que la cinta incluida est\u00e1 lista para todas tus manualidades, necesidades escolares o de oficina. Presentado en una divertida caja con estampado de lim\u00f3n, este set es a la vez funcional y visualmente atractivo, perfecto para a\u00f1adir un toque alegre a tu espacio de trabajo.<\/p>","protected":false},"featured_media":33250,"template":"","meta":[],"product_brand":[],"product_cat":[682,331,397,425],"product_tag":[],"class_list":{"0":"post-33249","1":"product","2":"type-product","3":"status-publish","4":"has-post-thumbnail","6":"product_cat-lemon-collection","7":"product_cat-stationery-set","8":"product_cat-basic-office-stationery","9":"product_cat-scissor","11":"first","12":"instock","13":"shipping-taxable","14":"product-type-simple"},"_links":{"self":[{"href":"http:\/\/shinyyoustationery.com\/es\/wp-json\/wp\/v2\/product\/33249","targetHints":{"allow":["GET"]}}],"collection":[{"href":"http:\/\/shinyyoustationery.com\/es\/wp-json\/wp\/v2\/product"}],"about":[{"href":"http:\/\/shinyyoustationery.com\/es\/wp-json\/wp\/v2\/types\/product"}],"version-history":[{"count":0,"href":"http:\/\/shinyyoustationery.com\/es\/wp-json\/wp\/v2\/product\/33249\/revisions"}],"wp:featuredmedia":[{"embeddable":true,"href":"http:\/\/shinyyoustationery.com\/es\/wp-json\/wp\/v2\/media\/33250"}],"wp:attachment":[{"href":"http:\/\/shinyyoustationery.com\/es\/wp-json\/wp\/v2\/media?parent=33249"}],"wp:term":[{"taxonomy":"product_brand","embeddable":true,"href":"http:\/\/shinyyoustationery.com\/es\/wp-json\/wp\/v2\/product_brand?post=33249"},{"taxonomy":"product_cat","embeddable":true,"href":"http:\/\/shinyyoustationery.com\/es\/wp-json\/wp\/v2\/product_cat?post=33249"},{"taxonomy":"product_tag","embeddable":true,"href":"http:\/\/shinyyoustationery.com\/es\/wp-json\/wp\/v2\/product_tag?post=33249"}],"curies":[{"name":"wp","href":"https:\/\/api.w.org\/{rel}","templated":true}]}}