{"id":33344,"date":"2025-06-24T01:40:50","date_gmt":"2025-06-24T09:40:50","guid":{"rendered":"http:\/\/45.63.70.205\/?post_type=product&#038;p=33344"},"modified":"2025-06-24T01:43:27","modified_gmt":"2025-06-24T09:43:27","slug":"wholesale-custom-a5-cork-hardcover-notebook-nature-inspired-design-for-eco-friendly-journaling","status":"publish","type":"product","link":"http:\/\/shinyyoustationery.com\/es\/wholesale-custom-a5-cork-hardcover-notebook-nature-inspired-design-for-eco-friendly-journaling\/","title":{"rendered":"Mayorista Cuaderno de tapas duras de corcho personalizado A5 Dise\u00f1o inspirado en la naturaleza para escribir diarios ecol\u00f3gicos"},"content":{"rendered":"","protected":false},"excerpt":{"rendered":"<p>Este cuaderno A5 de tapas duras de corcho presenta un elegante dise\u00f1o inspirado en la naturaleza, con delicadas ilustraciones blancas de flores y lib\u00e9lulas sobre un rico fondo de corcho. Perfecto para personas con conciencia ecol\u00f3gica, ofrece una forma sostenible y elegante de plasmar tus pensamientos, ideas o notas. Ya sea para escribir un diario, dibujar u organizar, este cuaderno \u00fanico a\u00f1ade un toque de naturaleza a su trabajo o a sus proyectos personales.<\/p>","protected":false},"featured_media":33328,"template":"","meta":[],"product_brand":[],"product_cat":[387,494,667,683],"product_tag":[],"class_list":{"0":"post-33344","1":"product","2":"type-product","3":"status-publish","4":"has-post-thumbnail","6":"product_cat-notebooks-journals","7":"product_cat-composition-notebook","8":"product_cat-hardcover-notebook","9":"product_cat-eco-friendly-collection","11":"first","12":"instock","13":"shipping-taxable","14":"product-type-simple"},"_links":{"self":[{"href":"http:\/\/shinyyoustationery.com\/es\/wp-json\/wp\/v2\/product\/33344","targetHints":{"allow":["GET"]}}],"collection":[{"href":"http:\/\/shinyyoustationery.com\/es\/wp-json\/wp\/v2\/product"}],"about":[{"href":"http:\/\/shinyyoustationery.com\/es\/wp-json\/wp\/v2\/types\/product"}],"version-history":[{"count":0,"href":"http:\/\/shinyyoustationery.com\/es\/wp-json\/wp\/v2\/product\/33344\/revisions"}],"wp:featuredmedia":[{"embeddable":true,"href":"http:\/\/shinyyoustationery.com\/es\/wp-json\/wp\/v2\/media\/33328"}],"wp:attachment":[{"href":"http:\/\/shinyyoustationery.com\/es\/wp-json\/wp\/v2\/media?parent=33344"}],"wp:term":[{"taxonomy":"product_brand","embeddable":true,"href":"http:\/\/shinyyoustationery.com\/es\/wp-json\/wp\/v2\/product_brand?post=33344"},{"taxonomy":"product_cat","embeddable":true,"href":"http:\/\/shinyyoustationery.com\/es\/wp-json\/wp\/v2\/product_cat?post=33344"},{"taxonomy":"product_tag","embeddable":true,"href":"http:\/\/shinyyoustationery.com\/es\/wp-json\/wp\/v2\/product_tag?post=33344"}],"curies":[{"name":"wp","href":"https:\/\/api.w.org\/{rel}","templated":true}]}}