{"id":33374,"date":"2025-06-24T03:39:46","date_gmt":"2025-06-24T11:39:46","guid":{"rendered":"http:\/\/45.63.70.205\/?post_type=product&#038;p=33374"},"modified":"2025-06-24T03:39:46","modified_gmt":"2025-06-24T11:39:46","slug":"mogu-monster-coin-purse-cute-and-colorful-character-accessory","status":"publish","type":"product","link":"http:\/\/shinyyoustationery.com\/es\/mogu-monster-coin-purse-cute-and-colorful-character-accessory\/","title":{"rendered":"Monedero \"Mogu\" Monstruo - Lindo y colorido accesorio para personajes"},"content":{"rendered":"","protected":false},"excerpt":{"rendered":"<p>Te presentamos a \"Mogu\", \u00a1tu simp\u00e1tico monstruito azul! Este divertido y extravagante monedero tiene la cara juguetona de Mogu, con orejas de color rosa brillante y una gran sonrisa. Perfecto para guardar monedas, llaves u otros objetos peque\u00f1os, este accesorio compacto y resistente es ideal para los ni\u00f1os y para cualquiera a quien le gusten los personajes simp\u00e1ticos y \u00fanicos. Ll\u00e9vate a Mogu dondequiera que vayas y a\u00f1ade un toque de diversi\u00f3n a tu d\u00eda.<\/p>","protected":false},"featured_media":33375,"template":"","meta":[],"product_brand":[],"product_cat":[383],"product_tag":[],"class_list":{"0":"post-33374","1":"product","2":"type-product","3":"status-publish","4":"has-post-thumbnail","6":"product_cat-licensed-stationery-supplier","8":"first","9":"instock","10":"shipping-taxable","11":"product-type-simple"},"_links":{"self":[{"href":"http:\/\/shinyyoustationery.com\/es\/wp-json\/wp\/v2\/product\/33374","targetHints":{"allow":["GET"]}}],"collection":[{"href":"http:\/\/shinyyoustationery.com\/es\/wp-json\/wp\/v2\/product"}],"about":[{"href":"http:\/\/shinyyoustationery.com\/es\/wp-json\/wp\/v2\/types\/product"}],"version-history":[{"count":0,"href":"http:\/\/shinyyoustationery.com\/es\/wp-json\/wp\/v2\/product\/33374\/revisions"}],"wp:featuredmedia":[{"embeddable":true,"href":"http:\/\/shinyyoustationery.com\/es\/wp-json\/wp\/v2\/media\/33375"}],"wp:attachment":[{"href":"http:\/\/shinyyoustationery.com\/es\/wp-json\/wp\/v2\/media?parent=33374"}],"wp:term":[{"taxonomy":"product_brand","embeddable":true,"href":"http:\/\/shinyyoustationery.com\/es\/wp-json\/wp\/v2\/product_brand?post=33374"},{"taxonomy":"product_cat","embeddable":true,"href":"http:\/\/shinyyoustationery.com\/es\/wp-json\/wp\/v2\/product_cat?post=33374"},{"taxonomy":"product_tag","embeddable":true,"href":"http:\/\/shinyyoustationery.com\/es\/wp-json\/wp\/v2\/product_tag?post=33374"}],"curies":[{"name":"wp","href":"https:\/\/api.w.org\/{rel}","templated":true}]}}