{"id":33381,"date":"2025-06-24T03:46:27","date_gmt":"2025-06-24T11:46:27","guid":{"rendered":"http:\/\/45.63.70.205\/?post_type=product&#038;p=33381"},"modified":"2025-06-24T03:46:27","modified_gmt":"2025-06-24T11:46:27","slug":"alien-plush-pen-disney-pixar-toy-story-green-alien-for-fun-writing","status":"publish","type":"product","link":"http:\/\/shinyyoustationery.com\/es\/alien-plush-pen-disney-pixar-toy-story-green-alien-for-fun-writing\/","title":{"rendered":"Bol\u00edgrafo de peluche Alien - Disney Pixar \"Toy Story\" Alien verde para divertirse escribiendo"},"content":{"rendered":"","protected":false},"excerpt":{"rendered":"<p>A\u00f1ade un poco de fantas\u00eda a tu escritura con este adorable bol\u00edgrafo de peluche Alien de Disney Pixar's <em data-start=\"205\" data-end=\"216\">Toy Story<\/em>\u00a1! El bol\u00edgrafo presenta un simp\u00e1tico y suave personaje Alien verde en la parte superior, con la palabra \"Aliens\" impresa en el cuerpo azul del bol\u00edgrafo. Perfecto para el colegio, el trabajo o como regalo exclusivo, este divertido bol\u00edgrafo aporta personalidad y encanto a cualquier escritorio o colecci\u00f3n de papeler\u00eda.<\/p>","protected":false},"featured_media":33382,"template":"","meta":[],"product_brand":[],"product_cat":[383],"product_tag":[],"class_list":{"0":"post-33381","1":"product","2":"type-product","3":"status-publish","4":"has-post-thumbnail","6":"product_cat-licensed-stationery-supplier","8":"first","9":"instock","10":"shipping-taxable","11":"product-type-simple"},"_links":{"self":[{"href":"http:\/\/shinyyoustationery.com\/es\/wp-json\/wp\/v2\/product\/33381","targetHints":{"allow":["GET"]}}],"collection":[{"href":"http:\/\/shinyyoustationery.com\/es\/wp-json\/wp\/v2\/product"}],"about":[{"href":"http:\/\/shinyyoustationery.com\/es\/wp-json\/wp\/v2\/types\/product"}],"version-history":[{"count":0,"href":"http:\/\/shinyyoustationery.com\/es\/wp-json\/wp\/v2\/product\/33381\/revisions"}],"wp:featuredmedia":[{"embeddable":true,"href":"http:\/\/shinyyoustationery.com\/es\/wp-json\/wp\/v2\/media\/33382"}],"wp:attachment":[{"href":"http:\/\/shinyyoustationery.com\/es\/wp-json\/wp\/v2\/media?parent=33381"}],"wp:term":[{"taxonomy":"product_brand","embeddable":true,"href":"http:\/\/shinyyoustationery.com\/es\/wp-json\/wp\/v2\/product_brand?post=33381"},{"taxonomy":"product_cat","embeddable":true,"href":"http:\/\/shinyyoustationery.com\/es\/wp-json\/wp\/v2\/product_cat?post=33381"},{"taxonomy":"product_tag","embeddable":true,"href":"http:\/\/shinyyoustationery.com\/es\/wp-json\/wp\/v2\/product_tag?post=33381"}],"curies":[{"name":"wp","href":"https:\/\/api.w.org\/{rel}","templated":true}]}}