{"id":33388,"date":"2025-06-24T03:51:34","date_gmt":"2025-06-24T11:51:34","guid":{"rendered":"http:\/\/45.63.70.205\/?post_type=product&#038;p=33388"},"modified":"2025-06-24T03:54:32","modified_gmt":"2025-06-24T11:54:32","slug":"minnie-mouse-unicorn-art-set-coloring-stickers-and-markers-for-creative-play","status":"publish","type":"product","link":"http:\/\/shinyyoustationery.com\/es\/minnie-mouse-unicorn-art-set-coloring-stickers-and-markers-for-creative-play\/","title":{"rendered":"Minnie Mouse Unicorn Art Set - Colorear, pegatinas y rotuladores para juego creativo"},"content":{"rendered":"","protected":false},"excerpt":{"rendered":"<p>\u00a1Da vida a la magia y la creatividad con este Set de Arte Unicornio de Minnie Mouse! Con Minnie Mouse y un unicornio en coloridos dise\u00f1os, este set incluye todo lo necesario para pasar un rato divertido y art\u00edstico. Con hojas para colorear, rotuladores vibrantes y pegatinas tem\u00e1ticas de unicornios, los ni\u00f1os podr\u00e1n disfrutar de horas de juego creativo. Ideal para el colegio, el hogar o como regalo especial para los fans de Minnie Mouse, este set es perfecto para crear bonitos dise\u00f1os y a\u00f1adir toques personales a cualquier proyecto.<\/p>","protected":false},"featured_media":33392,"template":"","meta":[],"product_brand":[],"product_cat":[383],"product_tag":[],"class_list":{"0":"post-33388","1":"product","2":"type-product","3":"status-publish","4":"has-post-thumbnail","6":"product_cat-licensed-stationery-supplier","8":"first","9":"instock","10":"shipping-taxable","11":"product-type-simple"},"_links":{"self":[{"href":"http:\/\/shinyyoustationery.com\/es\/wp-json\/wp\/v2\/product\/33388","targetHints":{"allow":["GET"]}}],"collection":[{"href":"http:\/\/shinyyoustationery.com\/es\/wp-json\/wp\/v2\/product"}],"about":[{"href":"http:\/\/shinyyoustationery.com\/es\/wp-json\/wp\/v2\/types\/product"}],"version-history":[{"count":0,"href":"http:\/\/shinyyoustationery.com\/es\/wp-json\/wp\/v2\/product\/33388\/revisions"}],"wp:featuredmedia":[{"embeddable":true,"href":"http:\/\/shinyyoustationery.com\/es\/wp-json\/wp\/v2\/media\/33392"}],"wp:attachment":[{"href":"http:\/\/shinyyoustationery.com\/es\/wp-json\/wp\/v2\/media?parent=33388"}],"wp:term":[{"taxonomy":"product_brand","embeddable":true,"href":"http:\/\/shinyyoustationery.com\/es\/wp-json\/wp\/v2\/product_brand?post=33388"},{"taxonomy":"product_cat","embeddable":true,"href":"http:\/\/shinyyoustationery.com\/es\/wp-json\/wp\/v2\/product_cat?post=33388"},{"taxonomy":"product_tag","embeddable":true,"href":"http:\/\/shinyyoustationery.com\/es\/wp-json\/wp\/v2\/product_tag?post=33388"}],"curies":[{"name":"wp","href":"https:\/\/api.w.org\/{rel}","templated":true}]}}