{"id":33398,"date":"2025-06-24T04:00:37","date_gmt":"2025-06-24T12:00:37","guid":{"rendered":"http:\/\/45.63.70.205\/?post_type=product&#038;p=33398"},"modified":"2025-06-24T04:00:37","modified_gmt":"2025-06-24T12:00:37","slug":"minnie-mouse-poster-coloring-set-fun-art-kit-with-crayons-stickers-and-giant-poster","status":"publish","type":"product","link":"http:\/\/shinyyoustationery.com\/es\/minnie-mouse-poster-coloring-set-fun-art-kit-with-crayons-stickers-and-giant-poster\/","title":{"rendered":"Set para colorear p\u00f3ster de Minnie Mouse - Divertido kit art\u00edstico con l\u00e1pices de colores, pegatinas y p\u00f3ster gigante"},"content":{"rendered":"","protected":false},"excerpt":{"rendered":"<p>\u00a1Deja volar tu creatividad con este set para colorear del p\u00f3ster de Minnie Mouse! Este set incluye un p\u00f3ster gigante de 100\u00d735 cm con Minnie Mouse, junto con 4 vibrantes l\u00e1pices de colores, s\u00faper pegatinas y un libro para colorear. Perfecto para j\u00f3venes artistas, es una forma divertida de decorar tu espacio y dar vida al mundo de Minnie. Ideal para casa o el colegio, este set ofrece horas de entretenimiento a la vez que mejora la motricidad fina a trav\u00e9s del coloreado y la creatividad.<\/p>","protected":false},"featured_media":33400,"template":"","meta":[],"product_brand":[],"product_cat":[383],"product_tag":[],"class_list":{"0":"post-33398","1":"product","2":"type-product","3":"status-publish","4":"has-post-thumbnail","6":"product_cat-licensed-stationery-supplier","8":"first","9":"instock","10":"shipping-taxable","11":"product-type-simple"},"_links":{"self":[{"href":"http:\/\/shinyyoustationery.com\/es\/wp-json\/wp\/v2\/product\/33398","targetHints":{"allow":["GET"]}}],"collection":[{"href":"http:\/\/shinyyoustationery.com\/es\/wp-json\/wp\/v2\/product"}],"about":[{"href":"http:\/\/shinyyoustationery.com\/es\/wp-json\/wp\/v2\/types\/product"}],"version-history":[{"count":0,"href":"http:\/\/shinyyoustationery.com\/es\/wp-json\/wp\/v2\/product\/33398\/revisions"}],"wp:featuredmedia":[{"embeddable":true,"href":"http:\/\/shinyyoustationery.com\/es\/wp-json\/wp\/v2\/media\/33400"}],"wp:attachment":[{"href":"http:\/\/shinyyoustationery.com\/es\/wp-json\/wp\/v2\/media?parent=33398"}],"wp:term":[{"taxonomy":"product_brand","embeddable":true,"href":"http:\/\/shinyyoustationery.com\/es\/wp-json\/wp\/v2\/product_brand?post=33398"},{"taxonomy":"product_cat","embeddable":true,"href":"http:\/\/shinyyoustationery.com\/es\/wp-json\/wp\/v2\/product_cat?post=33398"},{"taxonomy":"product_tag","embeddable":true,"href":"http:\/\/shinyyoustationery.com\/es\/wp-json\/wp\/v2\/product_tag?post=33398"}],"curies":[{"name":"wp","href":"https:\/\/api.w.org\/{rel}","templated":true}]}}