{"id":33423,"date":"2025-06-24T19:06:04","date_gmt":"2025-06-25T03:06:04","guid":{"rendered":"http:\/\/45.63.70.205\/?post_type=product&#038;p=33423"},"modified":"2025-06-24T19:09:45","modified_gmt":"2025-06-25T03:09:45","slug":"spider-man-coloring-set-for-kids-sheets-crayons-stickers","status":"publish","type":"product","link":"http:\/\/shinyyoustationery.com\/es\/spider-man-coloring-set-for-kids-sheets-crayons-stickers\/","title":{"rendered":"Spider-Man Set para colorear para ni\u00f1os - Hojas, l\u00e1pices de colores y pegatinas"},"content":{"rendered":"","protected":false},"excerpt":{"rendered":"<p>Sum\u00e9rgete en el mundo de Spiderman con este divertido set para colorear. Perfecto para j\u00f3venes artistas, incluye 8 l\u00e1minas con Spider-Man y sus ic\u00f3nicas poses, junto con 6 vibrantes l\u00e1pices de colores para dar vida a tus creaciones. Adem\u00e1s, el set viene con 6 pegatinas tem\u00e1ticas para una decoraci\u00f3n extra. Ideal para el juego creativo y para los fans de Spiderman.<\/p>","protected":false},"featured_media":33424,"template":"","meta":[],"product_brand":[],"product_cat":[383],"product_tag":[],"class_list":{"0":"post-33423","1":"product","2":"type-product","3":"status-publish","4":"has-post-thumbnail","6":"product_cat-licensed-stationery-supplier","8":"first","9":"instock","10":"shipping-taxable","11":"product-type-simple"},"_links":{"self":[{"href":"http:\/\/shinyyoustationery.com\/es\/wp-json\/wp\/v2\/product\/33423","targetHints":{"allow":["GET"]}}],"collection":[{"href":"http:\/\/shinyyoustationery.com\/es\/wp-json\/wp\/v2\/product"}],"about":[{"href":"http:\/\/shinyyoustationery.com\/es\/wp-json\/wp\/v2\/types\/product"}],"version-history":[{"count":0,"href":"http:\/\/shinyyoustationery.com\/es\/wp-json\/wp\/v2\/product\/33423\/revisions"}],"wp:featuredmedia":[{"embeddable":true,"href":"http:\/\/shinyyoustationery.com\/es\/wp-json\/wp\/v2\/media\/33424"}],"wp:attachment":[{"href":"http:\/\/shinyyoustationery.com\/es\/wp-json\/wp\/v2\/media?parent=33423"}],"wp:term":[{"taxonomy":"product_brand","embeddable":true,"href":"http:\/\/shinyyoustationery.com\/es\/wp-json\/wp\/v2\/product_brand?post=33423"},{"taxonomy":"product_cat","embeddable":true,"href":"http:\/\/shinyyoustationery.com\/es\/wp-json\/wp\/v2\/product_cat?post=33423"},{"taxonomy":"product_tag","embeddable":true,"href":"http:\/\/shinyyoustationery.com\/es\/wp-json\/wp\/v2\/product_tag?post=33423"}],"curies":[{"name":"wp","href":"https:\/\/api.w.org\/{rel}","templated":true}]}}