{"id":33426,"date":"2025-06-24T19:08:54","date_gmt":"2025-06-25T03:08:54","guid":{"rendered":"http:\/\/45.63.70.205\/?post_type=product&#038;p=33426"},"modified":"2025-06-24T19:10:35","modified_gmt":"2025-06-25T03:10:35","slug":"avengers-thanos-coloring-set-for-kids-sheets-crayons-stickers","status":"publish","type":"product","link":"http:\/\/shinyyoustationery.com\/es\/avengers-thanos-coloring-set-for-kids-sheets-crayons-stickers\/","title":{"rendered":"Vengadores Thanos Set para colorear para ni\u00f1os - Hojas, l\u00e1pices de colores y pegatinas"},"content":{"rendered":"","protected":false},"excerpt":{"rendered":"<p>Da rienda suelta a tu creatividad con este set para colorear de los Vengadores protagonizado por el poderoso Thanos. El set incluye 8 p\u00e1ginas para colorear con impactantes im\u00e1genes de Thanos, junto a 6 vibrantes l\u00e1pices de colores para colorear al poderoso villano. Adem\u00e1s, incluye 6 geniales pegatinas de los Vengadores, perfectas para decorar tus ilustraciones. Imprescindible para cualquier fan de Los Vengadores.<\/p>","protected":false},"featured_media":33429,"template":"","meta":[],"product_brand":[],"product_cat":[383],"product_tag":[],"class_list":{"0":"post-33426","1":"product","2":"type-product","3":"status-publish","4":"has-post-thumbnail","6":"product_cat-licensed-stationery-supplier","8":"first","9":"instock","10":"shipping-taxable","11":"product-type-simple"},"_links":{"self":[{"href":"http:\/\/shinyyoustationery.com\/es\/wp-json\/wp\/v2\/product\/33426","targetHints":{"allow":["GET"]}}],"collection":[{"href":"http:\/\/shinyyoustationery.com\/es\/wp-json\/wp\/v2\/product"}],"about":[{"href":"http:\/\/shinyyoustationery.com\/es\/wp-json\/wp\/v2\/types\/product"}],"version-history":[{"count":0,"href":"http:\/\/shinyyoustationery.com\/es\/wp-json\/wp\/v2\/product\/33426\/revisions"}],"wp:featuredmedia":[{"embeddable":true,"href":"http:\/\/shinyyoustationery.com\/es\/wp-json\/wp\/v2\/media\/33429"}],"wp:attachment":[{"href":"http:\/\/shinyyoustationery.com\/es\/wp-json\/wp\/v2\/media?parent=33426"}],"wp:term":[{"taxonomy":"product_brand","embeddable":true,"href":"http:\/\/shinyyoustationery.com\/es\/wp-json\/wp\/v2\/product_brand?post=33426"},{"taxonomy":"product_cat","embeddable":true,"href":"http:\/\/shinyyoustationery.com\/es\/wp-json\/wp\/v2\/product_cat?post=33426"},{"taxonomy":"product_tag","embeddable":true,"href":"http:\/\/shinyyoustationery.com\/es\/wp-json\/wp\/v2\/product_tag?post=33426"}],"curies":[{"name":"wp","href":"https:\/\/api.w.org\/{rel}","templated":true}]}}