{"id":33434,"date":"2025-06-24T19:20:48","date_gmt":"2025-06-25T03:20:48","guid":{"rendered":"http:\/\/45.63.70.205\/?post_type=product&#038;p=33434"},"modified":"2025-06-24T19:24:18","modified_gmt":"2025-06-25T03:24:18","slug":"my-little-pony-pencil-eraser-topper-set-3-pencils-with-character-toppers","status":"publish","type":"product","link":"http:\/\/shinyyoustationery.com\/es\/my-little-pony-pencil-eraser-topper-set-3-pencils-with-character-toppers\/","title":{"rendered":"My Little Pony Juego de l\u00e1pices y gomas de borrar - 3 l\u00e1pices con personajes"},"content":{"rendered":"","protected":false},"excerpt":{"rendered":"<p>A\u00f1ade un toque m\u00e1gico a tu papeler\u00eda con este set de l\u00e1pices y gomas de borrar My Little Pony. Con l\u00e1pices de colores y gomas de borrar de Rainbow Dash, Twilight Sparkle y Pinkie Pie, este set es perfecto para los j\u00f3venes fans de la serie. Ideales para proyectos escolares o creativos, estos l\u00e1pices divertidos y vibrantes hacen que escribir y borrar sea muy especial.<\/p>","protected":false},"featured_media":33435,"template":"","meta":[],"product_brand":[],"product_cat":[383],"product_tag":[],"class_list":{"0":"post-33434","1":"product","2":"type-product","3":"status-publish","4":"has-post-thumbnail","6":"product_cat-licensed-stationery-supplier","8":"first","9":"instock","10":"shipping-taxable","11":"product-type-simple"},"_links":{"self":[{"href":"http:\/\/shinyyoustationery.com\/es\/wp-json\/wp\/v2\/product\/33434","targetHints":{"allow":["GET"]}}],"collection":[{"href":"http:\/\/shinyyoustationery.com\/es\/wp-json\/wp\/v2\/product"}],"about":[{"href":"http:\/\/shinyyoustationery.com\/es\/wp-json\/wp\/v2\/types\/product"}],"version-history":[{"count":0,"href":"http:\/\/shinyyoustationery.com\/es\/wp-json\/wp\/v2\/product\/33434\/revisions"}],"wp:featuredmedia":[{"embeddable":true,"href":"http:\/\/shinyyoustationery.com\/es\/wp-json\/wp\/v2\/media\/33435"}],"wp:attachment":[{"href":"http:\/\/shinyyoustationery.com\/es\/wp-json\/wp\/v2\/media?parent=33434"}],"wp:term":[{"taxonomy":"product_brand","embeddable":true,"href":"http:\/\/shinyyoustationery.com\/es\/wp-json\/wp\/v2\/product_brand?post=33434"},{"taxonomy":"product_cat","embeddable":true,"href":"http:\/\/shinyyoustationery.com\/es\/wp-json\/wp\/v2\/product_cat?post=33434"},{"taxonomy":"product_tag","embeddable":true,"href":"http:\/\/shinyyoustationery.com\/es\/wp-json\/wp\/v2\/product_tag?post=33434"}],"curies":[{"name":"wp","href":"https:\/\/api.w.org\/{rel}","templated":true}]}}