{"id":33437,"date":"2025-06-24T19:23:47","date_gmt":"2025-06-25T03:23:47","guid":{"rendered":"http:\/\/45.63.70.205\/?post_type=product&#038;p=33437"},"modified":"2025-06-24T19:23:47","modified_gmt":"2025-06-25T03:23:47","slug":"my-little-pony-pencil-sharpener-set-4-pencils-4-eraser-toppers-and-sharpener","status":"publish","type":"product","link":"http:\/\/shinyyoustationery.com\/es\/my-little-pony-pencil-sharpener-set-4-pencils-4-eraser-toppers-and-sharpener\/","title":{"rendered":"Juego de sacapuntas My Little Pony - 4 l\u00e1pices, 4 gomas de borrar y sacapuntas"},"content":{"rendered":"","protected":false},"excerpt":{"rendered":"<p>Este encantador juego de sacapuntas My Little Pony a\u00fana diversi\u00f3n y funcionalidad. El set incluye 4 l\u00e1pices HB perfumados, cada uno rematado con coloridas gomas de borrar de ponis, y un simp\u00e1tico sacapuntas con los adorables ponis. Perfecto para el colegio o para actividades creativas, \u00a1este set a\u00f1ade un toque de magia a cualquier tarea de escritura!<\/p>","protected":false},"featured_media":33438,"template":"","meta":[],"product_brand":[],"product_cat":[383],"product_tag":[],"class_list":{"0":"post-33437","1":"product","2":"type-product","3":"status-publish","4":"has-post-thumbnail","6":"product_cat-licensed-stationery-supplier","8":"first","9":"instock","10":"shipping-taxable","11":"product-type-simple"},"_links":{"self":[{"href":"http:\/\/shinyyoustationery.com\/es\/wp-json\/wp\/v2\/product\/33437","targetHints":{"allow":["GET"]}}],"collection":[{"href":"http:\/\/shinyyoustationery.com\/es\/wp-json\/wp\/v2\/product"}],"about":[{"href":"http:\/\/shinyyoustationery.com\/es\/wp-json\/wp\/v2\/types\/product"}],"version-history":[{"count":0,"href":"http:\/\/shinyyoustationery.com\/es\/wp-json\/wp\/v2\/product\/33437\/revisions"}],"wp:featuredmedia":[{"embeddable":true,"href":"http:\/\/shinyyoustationery.com\/es\/wp-json\/wp\/v2\/media\/33438"}],"wp:attachment":[{"href":"http:\/\/shinyyoustationery.com\/es\/wp-json\/wp\/v2\/media?parent=33437"}],"wp:term":[{"taxonomy":"product_brand","embeddable":true,"href":"http:\/\/shinyyoustationery.com\/es\/wp-json\/wp\/v2\/product_brand?post=33437"},{"taxonomy":"product_cat","embeddable":true,"href":"http:\/\/shinyyoustationery.com\/es\/wp-json\/wp\/v2\/product_cat?post=33437"},{"taxonomy":"product_tag","embeddable":true,"href":"http:\/\/shinyyoustationery.com\/es\/wp-json\/wp\/v2\/product_tag?post=33437"}],"curies":[{"name":"wp","href":"https:\/\/api.w.org\/{rel}","templated":true}]}}