{"id":33441,"date":"2025-06-24T19:27:00","date_gmt":"2025-06-25T03:27:00","guid":{"rendered":"http:\/\/45.63.70.205\/?post_type=product&#038;p=33441"},"modified":"2025-06-24T19:27:00","modified_gmt":"2025-06-25T03:27:00","slug":"my-little-pony-stamp-colour-activity-tin-3-stamps-8-glitter-pencils-and-sketchpad","status":"publish","type":"product","link":"http:\/\/shinyyoustationery.com\/es\/my-little-pony-stamp-colour-activity-tin-3-stamps-8-glitter-pencils-and-sketchpad\/","title":{"rendered":"My Little Pony Lata de actividades para estampar y colorear: 3 sellos, 8 l\u00e1pices con purpurina y bloc de dibujo"},"content":{"rendered":"","protected":false},"excerpt":{"rendered":"<p>\u00a1Haz que la magia y la creatividad cobren vida con esta Lata de Actividades para Estampar y Colorear My Little Pony! El set incluye 3 sellos de goma, una almohadilla de tinta arco iris, 8 l\u00e1pices con purpurina y un bloc de dibujo, perfecto para pasar horas de diversi\u00f3n. Crea tus propias aventuras de ponis con los l\u00e1pices de colores y a\u00f1ade toques especiales con los simp\u00e1ticos sellos. \u00a1Ideal para j\u00f3venes artistas y fans de My Little Pony!<\/p>","protected":false},"featured_media":33442,"template":"","meta":[],"product_brand":[],"product_cat":[383],"product_tag":[],"class_list":{"0":"post-33441","1":"product","2":"type-product","3":"status-publish","4":"has-post-thumbnail","6":"product_cat-licensed-stationery-supplier","8":"first","9":"instock","10":"shipping-taxable","11":"product-type-simple"},"_links":{"self":[{"href":"http:\/\/shinyyoustationery.com\/es\/wp-json\/wp\/v2\/product\/33441","targetHints":{"allow":["GET"]}}],"collection":[{"href":"http:\/\/shinyyoustationery.com\/es\/wp-json\/wp\/v2\/product"}],"about":[{"href":"http:\/\/shinyyoustationery.com\/es\/wp-json\/wp\/v2\/types\/product"}],"version-history":[{"count":0,"href":"http:\/\/shinyyoustationery.com\/es\/wp-json\/wp\/v2\/product\/33441\/revisions"}],"wp:featuredmedia":[{"embeddable":true,"href":"http:\/\/shinyyoustationery.com\/es\/wp-json\/wp\/v2\/media\/33442"}],"wp:attachment":[{"href":"http:\/\/shinyyoustationery.com\/es\/wp-json\/wp\/v2\/media?parent=33441"}],"wp:term":[{"taxonomy":"product_brand","embeddable":true,"href":"http:\/\/shinyyoustationery.com\/es\/wp-json\/wp\/v2\/product_brand?post=33441"},{"taxonomy":"product_cat","embeddable":true,"href":"http:\/\/shinyyoustationery.com\/es\/wp-json\/wp\/v2\/product_cat?post=33441"},{"taxonomy":"product_tag","embeddable":true,"href":"http:\/\/shinyyoustationery.com\/es\/wp-json\/wp\/v2\/product_tag?post=33441"}],"curies":[{"name":"wp","href":"https:\/\/api.w.org\/{rel}","templated":true}]}}