{"id":33452,"date":"2025-06-24T21:12:37","date_gmt":"2025-06-25T05:12:37","guid":{"rendered":"http:\/\/45.63.70.205\/?post_type=product&#038;p=33452"},"modified":"2025-06-24T21:12:37","modified_gmt":"2025-06-25T05:12:37","slug":"my-little-pony-twilight-sparkle-note-set-light-up-pen-scented-ink-notepad","status":"publish","type":"product","link":"http:\/\/shinyyoustationery.com\/es\/my-little-pony-twilight-sparkle-note-set-light-up-pen-scented-ink-notepad\/","title":{"rendered":"My Little Pony Twilight Sparkle Note Set - Bol\u00edgrafo luminoso, tinta perfumada y bloc de notas"},"content":{"rendered":"","protected":false},"excerpt":{"rendered":"<p>\u00a1El Set de Notas My Little Pony Twilight Sparkle aporta magia a tu escritura! Este set incluye un bol\u00edgrafo luminoso con tinta perfumada, un bloc de notas con forma de estrella y divertidos accesorios, todo ello con el entra\u00f1able personaje Twilight Sparkle. Perfecto para escribir, garabatear o tomar notas, \u00a1a\u00f1ade un toque m\u00e1gico a cualquier actividad creativa! Ideal para los j\u00f3venes fans de la serie.<\/p>","protected":false},"featured_media":33453,"template":"","meta":[],"product_brand":[],"product_cat":[383],"product_tag":[],"class_list":{"0":"post-33452","1":"product","2":"type-product","3":"status-publish","4":"has-post-thumbnail","6":"product_cat-licensed-stationery-supplier","8":"first","9":"instock","10":"shipping-taxable","11":"product-type-simple"},"_links":{"self":[{"href":"http:\/\/shinyyoustationery.com\/es\/wp-json\/wp\/v2\/product\/33452","targetHints":{"allow":["GET"]}}],"collection":[{"href":"http:\/\/shinyyoustationery.com\/es\/wp-json\/wp\/v2\/product"}],"about":[{"href":"http:\/\/shinyyoustationery.com\/es\/wp-json\/wp\/v2\/types\/product"}],"version-history":[{"count":0,"href":"http:\/\/shinyyoustationery.com\/es\/wp-json\/wp\/v2\/product\/33452\/revisions"}],"wp:featuredmedia":[{"embeddable":true,"href":"http:\/\/shinyyoustationery.com\/es\/wp-json\/wp\/v2\/media\/33453"}],"wp:attachment":[{"href":"http:\/\/shinyyoustationery.com\/es\/wp-json\/wp\/v2\/media?parent=33452"}],"wp:term":[{"taxonomy":"product_brand","embeddable":true,"href":"http:\/\/shinyyoustationery.com\/es\/wp-json\/wp\/v2\/product_brand?post=33452"},{"taxonomy":"product_cat","embeddable":true,"href":"http:\/\/shinyyoustationery.com\/es\/wp-json\/wp\/v2\/product_cat?post=33452"},{"taxonomy":"product_tag","embeddable":true,"href":"http:\/\/shinyyoustationery.com\/es\/wp-json\/wp\/v2\/product_tag?post=33452"}],"curies":[{"name":"wp","href":"https:\/\/api.w.org\/{rel}","templated":true}]}}